{"id":1759,"date":"2022-10-05T11:35:02","date_gmt":"2022-10-05T08:35:02","guid":{"rendered":"https:\/\/pehrbrahe.fi\/uusi\/?page_id=1759"},"modified":"2025-05-22T11:08:38","modified_gmt":"2025-05-22T08:08:38","slug":"stipendihakemus-2","status":"publish","type":"page","link":"https:\/\/pehrbrahe.fi\/en\/stipendihakemus-2\/","title":{"rendered":"Scholarship Application"},"content":{"rendered":"<div data-elementor-type=\"wp-page\" data-elementor-id=\"1759\" class=\"elementor elementor-1759\">\n\t\t\t\t\t\t<section class=\"elementor-section elementor-top-section elementor-element elementor-element-9b538f8 elementor-section-full_width elementor-section-height-min-height elementor-section-height-default elementor-section-items-middle wpr-particle-no wpr-jarallax-no wpr-parallax-no wpr-sticky-section-no wpr-equal-height-no\" data-id=\"9b538f8\" data-element_type=\"section\" data-e-type=\"section\" data-settings=\"{&quot;background_background&quot;:&quot;classic&quot;}\">\n\t\t\t\t\t\t<div class=\"elementor-container elementor-column-gap-default\">\n\t\t\t\t\t<div class=\"elementor-column elementor-col-100 elementor-top-column elementor-element elementor-element-9848d0a\" data-id=\"9848d0a\" data-element_type=\"column\" data-e-type=\"column\">\n\t\t\t<div class=\"elementor-widget-wrap elementor-element-populated\">\n\t\t\t\t\t\t<div class=\"elementor-element elementor-element-7670121 elementor-widget elementor-widget-spacer\" data-id=\"7670121\" data-element_type=\"widget\" data-e-type=\"widget\" data-widget_type=\"spacer.default\">\n\t\t\t\t<div class=\"elementor-widget-container\">\n\t\t\t\t\t\t\t<div class=\"elementor-spacer\">\n\t\t\t<div class=\"elementor-spacer-inner\"><\/div>\n\t\t<\/div>\n\t\t\t\t\t\t<\/div>\n\t\t\t\t<\/div>\n\t\t\t\t\t<\/div>\n\t\t<\/div>\n\t\t\t\t\t<\/div>\n\t\t<\/section>\n\t\t\t\t<section class=\"elementor-section elementor-top-section elementor-element elementor-element-1593b8c elementor-section-boxed elementor-section-height-default elementor-section-height-default wpr-particle-no wpr-jarallax-no wpr-parallax-no wpr-sticky-section-no wpr-equal-height-no\" data-id=\"1593b8c\" data-element_type=\"section\" data-e-type=\"section\">\n\t\t\t\t\t\t<div class=\"elementor-container elementor-column-gap-default\">\n\t\t\t\t\t<div class=\"elementor-column elementor-col-100 elementor-top-column elementor-element elementor-element-ab0de8d\" data-id=\"ab0de8d\" data-element_type=\"column\" data-e-type=\"column\">\n\t\t\t<div class=\"elementor-widget-wrap elementor-element-populated\">\n\t\t\t\t\t\t<div class=\"elementor-element elementor-element-7f82541 elementor-widget elementor-widget-spacer\" data-id=\"7f82541\" data-element_type=\"widget\" data-e-type=\"widget\" data-widget_type=\"spacer.default\">\n\t\t\t\t<div class=\"elementor-widget-container\">\n\t\t\t\t\t\t\t<div class=\"elementor-spacer\">\n\t\t\t<div class=\"elementor-spacer-inner\"><\/div>\n\t\t<\/div>\n\t\t\t\t\t\t<\/div>\n\t\t\t\t<\/div>\n\t\t\t\t<div class=\"elementor-element elementor-element-c1a28c2 elementor-widget elementor-widget-heading\" data-id=\"c1a28c2\" data-element_type=\"widget\" data-e-type=\"widget\" data-widget_type=\"heading.default\">\n\t\t\t\t<div class=\"elementor-widget-container\">\n\t\t\t\t\t<h1 class=\"elementor-heading-title elementor-size-default\">Scholarship Application to the Pehr Brahe Foundation<\/h1>\t\t\t\t<\/div>\n\t\t\t\t<\/div>\n\t\t\t\t<div class=\"elementor-element elementor-element-cac70ec elementor-widget elementor-widget-spacer\" data-id=\"cac70ec\" data-element_type=\"widget\" data-e-type=\"widget\" data-widget_type=\"spacer.default\">\n\t\t\t\t<div class=\"elementor-widget-container\">\n\t\t\t\t\t\t\t<div class=\"elementor-spacer\">\n\t\t\t<div class=\"elementor-spacer-inner\"><\/div>\n\t\t<\/div>\n\t\t\t\t\t\t<\/div>\n\t\t\t\t<\/div>\n\t\t\t\t\t<\/div>\n\t\t<\/div>\n\t\t\t\t\t<\/div>\n\t\t<\/section>\n\t\t\t\t<section class=\"elementor-section elementor-top-section elementor-element elementor-element-a42be43 elementor-section-boxed elementor-section-height-default elementor-section-height-default wpr-particle-no wpr-jarallax-no wpr-parallax-no wpr-sticky-section-no wpr-equal-height-no\" data-id=\"a42be43\" data-element_type=\"section\" data-e-type=\"section\">\n\t\t\t\t\t\t<div class=\"elementor-container elementor-column-gap-default\">\n\t\t\t\t\t<div class=\"elementor-column elementor-col-100 elementor-top-column elementor-element elementor-element-4e15b60\" data-id=\"4e15b60\" data-element_type=\"column\" data-e-type=\"column\">\n\t\t\t<div class=\"elementor-widget-wrap elementor-element-populated\">\n\t\t\t\t\t\t<div class=\"elementor-element elementor-element-a9df8cc elementor-widget elementor-widget-text-editor\" data-id=\"a9df8cc\" data-element_type=\"widget\" data-e-type=\"widget\" data-widget_type=\"text-editor.default\">\n\t\t\t\t<div class=\"elementor-widget-container\">\n\t\t\t\t\t\t\t\t\t<p class=\"p1\">The purpose of the foundation is to support technical, economic, and other research, education, and development activities that are central to the Raahe economic region. The foundation awards scholarships to higher education students for carrying out research, development, or thesis projects that serve the needs of the business community and companies in the Raahe economic region. Scholarships can also be applied for by students who have completed pathway studies aimed at university of applied sciences during their secondary education at institutions in the Raahe economic region and have started higher education studies.<\/p><p class=\"p1\">\u00a0<\/p><p class=\"p1\">The criteria for awarding scholarships are academic achievement and the impact on the business sector in the region. The board decides annually at its spring meeting the number of scholarships and the total amount to be awarded. The scholarships granted can range in amount from \u20ac200 to \u20ac2,000. <span data-olk-copy-source=\"MessageBody\">If necessary, a scholarship for a thesis project can also be divided between two or more individuals. <\/span>Scholarship recipients are published annually on the foundation\u2019s website and possibly also on the websites of universities and educational institutions.<\/p><p>\u00a0<\/p><p class=\"p1\">Download the fillable scholarship application in PDF format here.<\/p><p class=\"p1\">\u00a0<\/p><p><span style=\"font-size: 1rem;\"><a href=\"https:\/\/pehrbrahe.fi\/wp-content\/uploads\/2024\/06\/pehrbrahesaatio_stipendihakemus.pdf\" target=\"_blank\" rel=\"noopener\">SCHOLARSHIP APPLICATION<\/a><br \/><\/span><\/p><p>\u00a0<\/p><p>The completed scholarship application, along with attachments, should be sent by email to the address <b>info@pehrbrahe.fi<\/b> or by mail to the association\u2019s administrator at the address:<\/p><p>\u00a0<\/p><p class=\"p1\"><strong>Pehr Brahe Foundation<\/strong><br \/>Tuija Nurkkala<br \/>Tervahovinkatu 2<br \/>92150 Raahe<\/p>\t\t\t\t\t\t\t\t<\/div>\n\t\t\t\t<\/div>\n\t\t\t\t<div class=\"elementor-element elementor-element-9e4525e elementor-widget elementor-widget-spacer\" data-id=\"9e4525e\" data-element_type=\"widget\" data-e-type=\"widget\" data-widget_type=\"spacer.default\">\n\t\t\t\t<div class=\"elementor-widget-container\">\n\t\t\t\t\t\t\t<div class=\"elementor-spacer\">\n\t\t\t<div class=\"elementor-spacer-inner\"><\/div>\n\t\t<\/div>\n\t\t\t\t\t\t<\/div>\n\t\t\t\t<\/div>\n\t\t\t\t\t<\/div>\n\t\t<\/div>\n\t\t\t\t\t<\/div>\n\t\t<\/section>\n\t\t\t\t<section class=\"elementor-section elementor-top-section elementor-element elementor-element-8899c60 elementor-section-full_width elementor-section-height-min-height elementor-section-height-default elementor-section-items-middle wpr-particle-no wpr-jarallax-no wpr-parallax-no wpr-sticky-section-no wpr-equal-height-no\" data-id=\"8899c60\" data-element_type=\"section\" data-e-type=\"section\" data-settings=\"{&quot;background_background&quot;:&quot;classic&quot;}\">\n\t\t\t\t\t\t<div class=\"elementor-container elementor-column-gap-default\">\n\t\t\t\t\t<div class=\"elementor-column elementor-col-100 elementor-top-column elementor-element elementor-element-1c71451\" data-id=\"1c71451\" data-element_type=\"column\" data-e-type=\"column\">\n\t\t\t<div class=\"elementor-widget-wrap elementor-element-populated\">\n\t\t\t\t\t\t<div class=\"elementor-element elementor-element-62bca48 elementor-widget elementor-widget-image\" data-id=\"62bca48\" data-element_type=\"widget\" data-e-type=\"widget\" data-widget_type=\"image.default\">\n\t\t\t\t<div class=\"elementor-widget-container\">\n\t\t\t\t\t\t\t\t\t\t\t\t\t\t\t<img fetchpriority=\"high\" decoding=\"async\" width=\"1705\" height=\"1768\" src=\"https:\/\/pehrbrahe.fi\/wp-content\/uploads\/2025\/05\/pehrbrahensaatio_tekstilla2-60x62.png\" class=\"attachment-full size-full wp-image-2489\" alt=\"\" srcset=\"https:\/\/pehrbrahe.fi\/wp-content\/uploads\/2025\/05\/pehrbrahensaatio_tekstilla2.png 1705w, https:\/\/pehrbrahe.fi\/wp-content\/uploads\/2025\/05\/pehrbrahensaatio_tekstilla2-289x300.png 289w, https:\/\/pehrbrahe.fi\/wp-content\/uploads\/2025\/05\/pehrbrahensaatio_tekstilla2-988x1024.png 988w, https:\/\/pehrbrahe.fi\/wp-content\/uploads\/2025\/05\/pehrbrahensaatio_tekstilla2-768x796.png 768w, https:\/\/pehrbrahe.fi\/wp-content\/uploads\/2025\/05\/pehrbrahensaatio_tekstilla2-1481x1536.png 1481w, https:\/\/pehrbrahe.fi\/wp-content\/uploads\/2025\/05\/pehrbrahensaatio_tekstilla2-12x12.png 12w, https:\/\/pehrbrahe.fi\/wp-content\/uploads\/2025\/05\/pehrbrahensaatio_tekstilla2-60x62.png 60w\" sizes=\"(max-width: 1705px) 100vw, 1705px\" \/>\t\t\t\t\t\t\t\t\t\t\t\t\t\t\t<\/div>\n\t\t\t\t<\/div>\n\t\t\t\t\t<\/div>\n\t\t<\/div>\n\t\t\t\t\t<\/div>\n\t\t<\/section>\n\t\t\t\t<\/div>","protected":false},"excerpt":{"rendered":"<p>Stipendihakemus Pehr Brahen s\u00e4\u00e4ti\u00f6lle S\u00e4\u00e4ti\u00f6n tarkoituksena on tukea teknillis- ja taloustieteellist\u00e4 sek\u00e4 muuta Raahen talousalueen kannalta keskeist\u00e4 tutkimus-, koulutus- ja kehitystoimintaa. S\u00e4\u00e4ti\u00f6 jakaa stipendej\u00e4 korkea-asteen opiskelijoille Raahen talousalueen elinkeinoel\u00e4m\u00e4n ja yritysten tarpeita palvelevien tutkimus-, kehitt\u00e4mis- tai opinn\u00e4ytet\u00f6iden toteuttamisesta. Stipendej\u00e4 voivat hakea my\u00f6s opiskelijat, jotka ovat suorittaneet Raahen talousalueen oppilaitoksissa toisen asteen tutkinnon aikana ammattikorkeakouluopintoihin t\u00e4ht\u00e4\u00e4v\u00e4t v\u00e4yl\u00e4opinnot ja aloittaneet korkea-asteen opinnot. \u00a0 Stipendien my\u00f6nt\u00f6perusteena on opintomenestys sek\u00e4 alueen elinkeinoel\u00e4m\u00e4\u00e4n kohdistuvan vaikuttavuuden n\u00e4k\u00f6kulma. Hallitus p\u00e4\u00e4tt\u00e4\u00e4 vuosittain kev\u00e4tkokouksessaan stipendien m\u00e4\u00e4r\u00e4n sek\u00e4 jaettavan summan. My\u00f6nnett\u00e4v\u00e4t stipendit voivat olla suuruudeltaan 200 \u2013 2 000 \u20ac. Opinn\u00e4ytety\u00f6h\u00f6n kohdistuva stipendi voidaan\u00a0tarvittaessa\u00a0jakaa my\u00f6s kahden tai useamman henkil\u00f6n kesken. Stipendien saajat julkaistaan vuosittain s\u00e4\u00e4ti\u00f6n sek\u00e4 mahdollisesti korkeakoulujen ja oppilaitosten verkkosivuilla. \u00a0 Lataa t\u00e4st\u00e4 pdf-muodossa oleva t\u00e4ytett\u00e4v\u00e4 stipendihakemus. \u00a0 STIPENDIHAKEMUS \u00a0 T\u00e4ytetty stipendihakemus liitteineen toimitetaan s\u00e4hk\u00f6postitse osoitteeseen info@pehrbrahe.fi tai postitse yhdistyksen asianhoitajalle osoitteeseen: \u00a0 Pehr Brahen s\u00e4\u00e4ti\u00f6Tuija NurkkalaTervahovinkatu 292150 Raahe<\/p>","protected":false},"author":1,"featured_media":0,"parent":0,"menu_order":0,"comment_status":"closed","ping_status":"closed","template":"","meta":{"site-sidebar-layout":"no-sidebar","site-content-layout":"page-builder","ast-site-content-layout":"default","site-content-style":"default","site-sidebar-style":"default","ast-global-header-display":"","ast-banner-title-visibility":"","ast-main-header-display":"","ast-hfb-above-header-display":"","ast-hfb-below-header-display":"","ast-hfb-mobile-header-display":"","site-post-title":"disabled","ast-breadcrumbs-content":"","ast-featured-img":"disabled","footer-sml-layout":"","ast-disable-related-posts":"","theme-transparent-header-meta":"","adv-header-id-meta":"","stick-header-meta":"","header-above-stick-meta":"","header-main-stick-meta":"","header-below-stick-meta":"","astra-migrate-meta-layouts":"default","ast-page-background-enabled":"default","ast-page-background-meta":{"desktop":{"background-color":"var(--ast-global-color-4)","background-image":"","background-repeat":"repeat","background-position":"center center","background-size":"auto","background-attachment":"scroll","background-type":"","background-media":"","overlay-type":"","overlay-color":"","overlay-opacity":"","overlay-gradient":""},"tablet":{"background-color":"","background-image":"","background-repeat":"repeat","background-position":"center center","background-size":"auto","background-attachment":"scroll","background-type":"","background-media":"","overlay-type":"","overlay-color":"","overlay-opacity":"","overlay-gradient":""},"mobile":{"background-color":"","background-image":"","background-repeat":"repeat","background-position":"center center","background-size":"auto","background-attachment":"scroll","background-type":"","background-media":"","overlay-type":"","overlay-color":"","overlay-opacity":"","overlay-gradient":""}},"ast-content-background-meta":{"desktop":{"background-color":"var(--ast-global-color-5)","background-image":"","background-repeat":"repeat","background-position":"center center","background-size":"auto","background-attachment":"scroll","background-type":"","background-media":"","overlay-type":"","overlay-color":"","overlay-opacity":"","overlay-gradient":""},"tablet":{"background-color":"var(--ast-global-color-5)","background-image":"","background-repeat":"repeat","background-position":"center center","background-size":"auto","background-attachment":"scroll","background-type":"","background-media":"","overlay-type":"","overlay-color":"","overlay-opacity":"","overlay-gradient":""},"mobile":{"background-color":"var(--ast-global-color-5)","background-image":"","background-repeat":"repeat","background-position":"center center","background-size":"auto","background-attachment":"scroll","background-type":"","background-media":"","overlay-type":"","overlay-color":"","overlay-opacity":"","overlay-gradient":""}},"footnotes":""},"class_list":["post-1759","page","type-page","status-publish","hentry"],"yoast_head":"<!-- This site is optimized with the Yoast SEO plugin v27.5 - https:\/\/yoast.com\/product\/yoast-seo-wordpress\/ -->\n<title>Stipendihakemus - Pehr Brahen s\u00e4\u00e4ti\u00f6 sr<\/title>\n<meta name=\"robots\" content=\"index, follow, max-snippet:-1, max-image-preview:large, max-video-preview:-1\" \/>\n<link rel=\"canonical\" href=\"https:\/\/pehrbrahe.fi\/en\/stipendihakemus-2\/\" \/>\n<meta property=\"og:locale\" content=\"en_US\" \/>\n<meta property=\"og:type\" content=\"article\" \/>\n<meta property=\"og:title\" content=\"Stipendihakemus - Pehr Brahen s\u00e4\u00e4ti\u00f6 sr\" \/>\n<meta property=\"og:description\" content=\"Stipendihakemus Pehr Brahen s\u00e4\u00e4ti\u00f6lle S\u00e4\u00e4ti\u00f6n tarkoituksena on tukea teknillis- ja taloustieteellist\u00e4 sek\u00e4 muuta Raahen talousalueen kannalta keskeist\u00e4 tutkimus-, koulutus- ja kehitystoimintaa. S\u00e4\u00e4ti\u00f6 jakaa stipendej\u00e4 korkea-asteen opiskelijoille Raahen talousalueen elinkeinoel\u00e4m\u00e4n ja yritysten tarpeita palvelevien tutkimus-, kehitt\u00e4mis- tai opinn\u00e4ytet\u00f6iden toteuttamisesta. Stipendej\u00e4 voivat hakea my\u00f6s opiskelijat, jotka ovat suorittaneet Raahen talousalueen oppilaitoksissa toisen asteen tutkinnon aikana ammattikorkeakouluopintoihin t\u00e4ht\u00e4\u00e4v\u00e4t v\u00e4yl\u00e4opinnot ja aloittaneet korkea-asteen opinnot. \u00a0 Stipendien my\u00f6nt\u00f6perusteena on opintomenestys sek\u00e4 alueen elinkeinoel\u00e4m\u00e4\u00e4n kohdistuvan vaikuttavuuden n\u00e4k\u00f6kulma. Hallitus p\u00e4\u00e4tt\u00e4\u00e4 vuosittain kev\u00e4tkokouksessaan stipendien m\u00e4\u00e4r\u00e4n sek\u00e4 jaettavan summan. My\u00f6nnett\u00e4v\u00e4t stipendit voivat olla suuruudeltaan 200 \u2013 2 000 \u20ac. Opinn\u00e4ytety\u00f6h\u00f6n kohdistuva stipendi voidaan\u00a0tarvittaessa\u00a0jakaa my\u00f6s kahden tai useamman henkil\u00f6n kesken. Stipendien saajat julkaistaan vuosittain s\u00e4\u00e4ti\u00f6n sek\u00e4 mahdollisesti korkeakoulujen ja oppilaitosten verkkosivuilla. \u00a0 Lataa t\u00e4st\u00e4 pdf-muodossa oleva t\u00e4ytett\u00e4v\u00e4 stipendihakemus. \u00a0 STIPENDIHAKEMUS \u00a0 T\u00e4ytetty stipendihakemus liitteineen toimitetaan s\u00e4hk\u00f6postitse osoitteeseen info@pehrbrahe.fi tai postitse yhdistyksen asianhoitajalle osoitteeseen: \u00a0 Pehr Brahen s\u00e4\u00e4ti\u00f6Tuija NurkkalaTervahovinkatu 292150 Raahe\" \/>\n<meta property=\"og:url\" content=\"https:\/\/pehrbrahe.fi\/en\/stipendihakemus-2\/\" \/>\n<meta property=\"og:site_name\" content=\"Pehr Brahen s\u00e4\u00e4ti\u00f6 sr\" \/>\n<meta property=\"article:modified_time\" content=\"2025-05-22T08:08:38+00:00\" \/>\n<meta property=\"og:image\" content=\"https:\/\/pehrbrahe.fi\/wp-content\/uploads\/2025\/05\/pehrbrahensaatio_tekstilla2-60x62.png\" \/>\n<meta name=\"twitter:card\" content=\"summary_large_image\" \/>\n<meta name=\"twitter:label1\" content=\"Est. reading time\" \/>\n\t<meta name=\"twitter:data1\" content=\"1 minute\" \/>\n<script type=\"application\/ld+json\" class=\"yoast-schema-graph\">{\"@context\":\"https:\\\/\\\/schema.org\",\"@graph\":[{\"@type\":\"WebPage\",\"@id\":\"https:\\\/\\\/pehrbrahe.fi\\\/stipendihakemus-2\\\/\",\"url\":\"https:\\\/\\\/pehrbrahe.fi\\\/stipendihakemus-2\\\/\",\"name\":\"Stipendihakemus - Pehr Brahen s\u00e4\u00e4ti\u00f6 sr\",\"isPartOf\":{\"@id\":\"https:\\\/\\\/pehrbrahe.fi\\\/#website\"},\"primaryImageOfPage\":{\"@id\":\"https:\\\/\\\/pehrbrahe.fi\\\/stipendihakemus-2\\\/#primaryimage\"},\"image\":{\"@id\":\"https:\\\/\\\/pehrbrahe.fi\\\/stipendihakemus-2\\\/#primaryimage\"},\"thumbnailUrl\":\"https:\\\/\\\/pehrbrahe.fi\\\/wp-content\\\/uploads\\\/2025\\\/05\\\/pehrbrahensaatio_tekstilla2-60x62.png\",\"datePublished\":\"2022-10-05T08:35:02+00:00\",\"dateModified\":\"2025-05-22T08:08:38+00:00\",\"breadcrumb\":{\"@id\":\"https:\\\/\\\/pehrbrahe.fi\\\/stipendihakemus-2\\\/#breadcrumb\"},\"inLanguage\":\"en-US\",\"potentialAction\":[{\"@type\":\"ReadAction\",\"target\":[\"https:\\\/\\\/pehrbrahe.fi\\\/stipendihakemus-2\\\/\"]}]},{\"@type\":\"ImageObject\",\"inLanguage\":\"en-US\",\"@id\":\"https:\\\/\\\/pehrbrahe.fi\\\/stipendihakemus-2\\\/#primaryimage\",\"url\":\"https:\\\/\\\/pehrbrahe.fi\\\/wp-content\\\/uploads\\\/2025\\\/05\\\/pehrbrahensaatio_tekstilla2-60x62.png\",\"contentUrl\":\"https:\\\/\\\/pehrbrahe.fi\\\/wp-content\\\/uploads\\\/2025\\\/05\\\/pehrbrahensaatio_tekstilla2-60x62.png\"},{\"@type\":\"BreadcrumbList\",\"@id\":\"https:\\\/\\\/pehrbrahe.fi\\\/stipendihakemus-2\\\/#breadcrumb\",\"itemListElement\":[{\"@type\":\"ListItem\",\"position\":1,\"name\":\"Home\",\"item\":\"https:\\\/\\\/pehrbrahe.fi\\\/\"},{\"@type\":\"ListItem\",\"position\":2,\"name\":\"Stipendihakemus\"}]},{\"@type\":\"WebSite\",\"@id\":\"https:\\\/\\\/pehrbrahe.fi\\\/#website\",\"url\":\"https:\\\/\\\/pehrbrahe.fi\\\/\",\"name\":\"Pehr Brahen s\u00e4\u00e4ti\u00f6 sr\",\"description\":\"\",\"publisher\":{\"@id\":\"https:\\\/\\\/pehrbrahe.fi\\\/#organization\"},\"potentialAction\":[{\"@type\":\"SearchAction\",\"target\":{\"@type\":\"EntryPoint\",\"urlTemplate\":\"https:\\\/\\\/pehrbrahe.fi\\\/?s={search_term_string}\"},\"query-input\":{\"@type\":\"PropertyValueSpecification\",\"valueRequired\":true,\"valueName\":\"search_term_string\"}}],\"inLanguage\":\"en-US\"},{\"@type\":\"Organization\",\"@id\":\"https:\\\/\\\/pehrbrahe.fi\\\/#organization\",\"name\":\"Pehr Brahen s\u00e4\u00e4ti\u00f6 sr\",\"url\":\"https:\\\/\\\/pehrbrahe.fi\\\/\",\"logo\":{\"@type\":\"ImageObject\",\"inLanguage\":\"en-US\",\"@id\":\"https:\\\/\\\/pehrbrahe.fi\\\/#\\\/schema\\\/logo\\\/image\\\/\",\"url\":\"https:\\\/\\\/pehrbrahe.fi\\\/wp-content\\\/uploads\\\/2025\\\/05\\\/pehrbrahensaatio_tekstilla2.png\",\"contentUrl\":\"https:\\\/\\\/pehrbrahe.fi\\\/wp-content\\\/uploads\\\/2025\\\/05\\\/pehrbrahensaatio_tekstilla2.png\",\"width\":1705,\"height\":1768,\"caption\":\"Pehr Brahen s\u00e4\u00e4ti\u00f6 sr\"},\"image\":{\"@id\":\"https:\\\/\\\/pehrbrahe.fi\\\/#\\\/schema\\\/logo\\\/image\\\/\"}}]}<\/script>\n<!-- \/ Yoast SEO plugin. -->","yoast_head_json":{"title":"Stipendihakemus - Pehr Brahen s\u00e4\u00e4ti\u00f6 sr","robots":{"index":"index","follow":"follow","max-snippet":"max-snippet:-1","max-image-preview":"max-image-preview:large","max-video-preview":"max-video-preview:-1"},"canonical":"https:\/\/pehrbrahe.fi\/en\/stipendihakemus-2\/","og_locale":"en_US","og_type":"article","og_title":"Stipendihakemus - Pehr Brahen s\u00e4\u00e4ti\u00f6 sr","og_description":"Stipendihakemus Pehr Brahen s\u00e4\u00e4ti\u00f6lle S\u00e4\u00e4ti\u00f6n tarkoituksena on tukea teknillis- ja taloustieteellist\u00e4 sek\u00e4 muuta Raahen talousalueen kannalta keskeist\u00e4 tutkimus-, koulutus- ja kehitystoimintaa. S\u00e4\u00e4ti\u00f6 jakaa stipendej\u00e4 korkea-asteen opiskelijoille Raahen talousalueen elinkeinoel\u00e4m\u00e4n ja yritysten tarpeita palvelevien tutkimus-, kehitt\u00e4mis- tai opinn\u00e4ytet\u00f6iden toteuttamisesta. Stipendej\u00e4 voivat hakea my\u00f6s opiskelijat, jotka ovat suorittaneet Raahen talousalueen oppilaitoksissa toisen asteen tutkinnon aikana ammattikorkeakouluopintoihin t\u00e4ht\u00e4\u00e4v\u00e4t v\u00e4yl\u00e4opinnot ja aloittaneet korkea-asteen opinnot. \u00a0 Stipendien my\u00f6nt\u00f6perusteena on opintomenestys sek\u00e4 alueen elinkeinoel\u00e4m\u00e4\u00e4n kohdistuvan vaikuttavuuden n\u00e4k\u00f6kulma. Hallitus p\u00e4\u00e4tt\u00e4\u00e4 vuosittain kev\u00e4tkokouksessaan stipendien m\u00e4\u00e4r\u00e4n sek\u00e4 jaettavan summan. My\u00f6nnett\u00e4v\u00e4t stipendit voivat olla suuruudeltaan 200 \u2013 2 000 \u20ac. Opinn\u00e4ytety\u00f6h\u00f6n kohdistuva stipendi voidaan\u00a0tarvittaessa\u00a0jakaa my\u00f6s kahden tai useamman henkil\u00f6n kesken. Stipendien saajat julkaistaan vuosittain s\u00e4\u00e4ti\u00f6n sek\u00e4 mahdollisesti korkeakoulujen ja oppilaitosten verkkosivuilla. \u00a0 Lataa t\u00e4st\u00e4 pdf-muodossa oleva t\u00e4ytett\u00e4v\u00e4 stipendihakemus. \u00a0 STIPENDIHAKEMUS \u00a0 T\u00e4ytetty stipendihakemus liitteineen toimitetaan s\u00e4hk\u00f6postitse osoitteeseen info@pehrbrahe.fi tai postitse yhdistyksen asianhoitajalle osoitteeseen: \u00a0 Pehr Brahen s\u00e4\u00e4ti\u00f6Tuija NurkkalaTervahovinkatu 292150 Raahe","og_url":"https:\/\/pehrbrahe.fi\/en\/stipendihakemus-2\/","og_site_name":"Pehr Brahen s\u00e4\u00e4ti\u00f6 sr","article_modified_time":"2025-05-22T08:08:38+00:00","og_image":[{"url":"https:\/\/pehrbrahe.fi\/wp-content\/uploads\/2025\/05\/pehrbrahensaatio_tekstilla2-60x62.png","type":"","width":"","height":""}],"twitter_card":"summary_large_image","twitter_misc":{"Est. reading time":"1 minute"},"schema":{"@context":"https:\/\/schema.org","@graph":[{"@type":"WebPage","@id":"https:\/\/pehrbrahe.fi\/stipendihakemus-2\/","url":"https:\/\/pehrbrahe.fi\/stipendihakemus-2\/","name":"Stipendihakemus - Pehr Brahen s\u00e4\u00e4ti\u00f6 sr","isPartOf":{"@id":"https:\/\/pehrbrahe.fi\/#website"},"primaryImageOfPage":{"@id":"https:\/\/pehrbrahe.fi\/stipendihakemus-2\/#primaryimage"},"image":{"@id":"https:\/\/pehrbrahe.fi\/stipendihakemus-2\/#primaryimage"},"thumbnailUrl":"https:\/\/pehrbrahe.fi\/wp-content\/uploads\/2025\/05\/pehrbrahensaatio_tekstilla2-60x62.png","datePublished":"2022-10-05T08:35:02+00:00","dateModified":"2025-05-22T08:08:38+00:00","breadcrumb":{"@id":"https:\/\/pehrbrahe.fi\/stipendihakemus-2\/#breadcrumb"},"inLanguage":"en-US","potentialAction":[{"@type":"ReadAction","target":["https:\/\/pehrbrahe.fi\/stipendihakemus-2\/"]}]},{"@type":"ImageObject","inLanguage":"en-US","@id":"https:\/\/pehrbrahe.fi\/stipendihakemus-2\/#primaryimage","url":"https:\/\/pehrbrahe.fi\/wp-content\/uploads\/2025\/05\/pehrbrahensaatio_tekstilla2-60x62.png","contentUrl":"https:\/\/pehrbrahe.fi\/wp-content\/uploads\/2025\/05\/pehrbrahensaatio_tekstilla2-60x62.png"},{"@type":"BreadcrumbList","@id":"https:\/\/pehrbrahe.fi\/stipendihakemus-2\/#breadcrumb","itemListElement":[{"@type":"ListItem","position":1,"name":"Home","item":"https:\/\/pehrbrahe.fi\/"},{"@type":"ListItem","position":2,"name":"Stipendihakemus"}]},{"@type":"WebSite","@id":"https:\/\/pehrbrahe.fi\/#website","url":"https:\/\/pehrbrahe.fi\/","name":"Pehr Brahen s\u00e4\u00e4ti\u00f6 sr","description":"","publisher":{"@id":"https:\/\/pehrbrahe.fi\/#organization"},"potentialAction":[{"@type":"SearchAction","target":{"@type":"EntryPoint","urlTemplate":"https:\/\/pehrbrahe.fi\/?s={search_term_string}"},"query-input":{"@type":"PropertyValueSpecification","valueRequired":true,"valueName":"search_term_string"}}],"inLanguage":"en-US"},{"@type":"Organization","@id":"https:\/\/pehrbrahe.fi\/#organization","name":"Pehr Brahen s\u00e4\u00e4ti\u00f6 sr","url":"https:\/\/pehrbrahe.fi\/","logo":{"@type":"ImageObject","inLanguage":"en-US","@id":"https:\/\/pehrbrahe.fi\/#\/schema\/logo\/image\/","url":"https:\/\/pehrbrahe.fi\/wp-content\/uploads\/2025\/05\/pehrbrahensaatio_tekstilla2.png","contentUrl":"https:\/\/pehrbrahe.fi\/wp-content\/uploads\/2025\/05\/pehrbrahensaatio_tekstilla2.png","width":1705,"height":1768,"caption":"Pehr Brahen s\u00e4\u00e4ti\u00f6 sr"},"image":{"@id":"https:\/\/pehrbrahe.fi\/#\/schema\/logo\/image\/"}}]}},"_links":{"self":[{"href":"https:\/\/pehrbrahe.fi\/en\/wp-json\/wp\/v2\/pages\/1759","targetHints":{"allow":["GET"]}}],"collection":[{"href":"https:\/\/pehrbrahe.fi\/en\/wp-json\/wp\/v2\/pages"}],"about":[{"href":"https:\/\/pehrbrahe.fi\/en\/wp-json\/wp\/v2\/types\/page"}],"author":[{"embeddable":true,"href":"https:\/\/pehrbrahe.fi\/en\/wp-json\/wp\/v2\/users\/1"}],"replies":[{"embeddable":true,"href":"https:\/\/pehrbrahe.fi\/en\/wp-json\/wp\/v2\/comments?post=1759"}],"version-history":[{"count":139,"href":"https:\/\/pehrbrahe.fi\/en\/wp-json\/wp\/v2\/pages\/1759\/revisions"}],"predecessor-version":[{"id":2763,"href":"https:\/\/pehrbrahe.fi\/en\/wp-json\/wp\/v2\/pages\/1759\/revisions\/2763"}],"wp:attachment":[{"href":"https:\/\/pehrbrahe.fi\/en\/wp-json\/wp\/v2\/media?parent=1759"}],"curies":[{"name":"wp","href":"https:\/\/api.w.org\/{rel}","templated":true}]}}