{"id":1550,"date":"2022-02-24T15:42:43","date_gmt":"2022-02-24T15:42:43","guid":{"rendered":"https:\/\/pehrbrahe.fi\/uusi\/?page_id=1550"},"modified":"2025-11-12T14:01:43","modified_gmt":"2025-11-12T12:01:43","slug":"saation-valtuuskunta","status":"publish","type":"page","link":"https:\/\/pehrbrahe.fi\/en\/saation-valtuuskunta\/","title":{"rendered":"Foundation delegation"},"content":{"rendered":"<div data-elementor-type=\"wp-page\" data-elementor-id=\"1550\" class=\"elementor elementor-1550\">\n\t\t\t\t\t\t<section class=\"elementor-section elementor-top-section elementor-element elementor-element-c60df07 elementor-section-height-min-height elementor-section-boxed elementor-section-height-default elementor-section-items-middle wpr-particle-no wpr-jarallax-no wpr-parallax-no wpr-sticky-section-no wpr-equal-height-no elementor-invisible\" data-id=\"c60df07\" data-element_type=\"section\" data-e-type=\"section\" data-settings=\"{&quot;background_background&quot;:&quot;classic&quot;,&quot;animation&quot;:&quot;fadeIn&quot;}\">\n\t\t\t\t\t\t<div class=\"elementor-container elementor-column-gap-default\">\n\t\t\t\t\t<div class=\"elementor-column elementor-col-100 elementor-top-column elementor-element elementor-element-768a2f7\" data-id=\"768a2f7\" data-element_type=\"column\" data-e-type=\"column\">\n\t\t\t<div class=\"elementor-widget-wrap\">\n\t\t\t\t\t\t\t<\/div>\n\t\t<\/div>\n\t\t\t\t\t<\/div>\n\t\t<\/section>\n\t\t\t\t<section class=\"elementor-section elementor-top-section elementor-element elementor-element-57b4cf1 elementor-section-boxed elementor-section-height-default elementor-section-height-default wpr-particle-no wpr-jarallax-no wpr-parallax-no wpr-sticky-section-no wpr-equal-height-no\" data-id=\"57b4cf1\" data-element_type=\"section\" data-e-type=\"section\">\n\t\t\t\t\t\t<div class=\"elementor-container elementor-column-gap-default\">\n\t\t\t\t\t<div class=\"elementor-column elementor-col-100 elementor-top-column elementor-element elementor-element-57b6d4f\" data-id=\"57b6d4f\" data-element_type=\"column\" data-e-type=\"column\">\n\t\t\t<div class=\"elementor-widget-wrap elementor-element-populated\">\n\t\t\t\t\t\t<div class=\"elementor-element elementor-element-d5ea97e elementor-widget elementor-widget-spacer\" data-id=\"d5ea97e\" data-element_type=\"widget\" data-e-type=\"widget\" data-widget_type=\"spacer.default\">\n\t\t\t\t<div class=\"elementor-widget-container\">\n\t\t\t\t\t\t\t<div class=\"elementor-spacer\">\n\t\t\t<div class=\"elementor-spacer-inner\"><\/div>\n\t\t<\/div>\n\t\t\t\t\t\t<\/div>\n\t\t\t\t<\/div>\n\t\t\t\t\t<\/div>\n\t\t<\/div>\n\t\t\t\t\t<\/div>\n\t\t<\/section>\n\t\t\t\t<section class=\"elementor-section elementor-top-section elementor-element elementor-element-a650fdf elementor-section-boxed elementor-section-height-default elementor-section-height-default wpr-particle-no wpr-jarallax-no wpr-parallax-no wpr-sticky-section-no wpr-equal-height-no\" data-id=\"a650fdf\" data-element_type=\"section\" data-e-type=\"section\">\n\t\t\t\t\t\t<div class=\"elementor-container elementor-column-gap-default\">\n\t\t\t\t\t<div class=\"elementor-column elementor-col-100 elementor-top-column elementor-element elementor-element-2d6e988\" data-id=\"2d6e988\" data-element_type=\"column\" data-e-type=\"column\">\n\t\t\t<div class=\"elementor-widget-wrap elementor-element-populated\">\n\t\t\t\t\t\t<div class=\"elementor-element elementor-element-c1eb0c8 elementor-widget elementor-widget-heading\" data-id=\"c1eb0c8\" data-element_type=\"widget\" data-e-type=\"widget\" data-widget_type=\"heading.default\">\n\t\t\t\t<div class=\"elementor-widget-container\">\n\t\t\t\t\t<h1 class=\"elementor-heading-title elementor-size-default\">Foundation delegation<\/h1>\t\t\t\t<\/div>\n\t\t\t\t<\/div>\n\t\t\t\t\t<\/div>\n\t\t<\/div>\n\t\t\t\t\t<\/div>\n\t\t<\/section>\n\t\t\t\t<section class=\"elementor-section elementor-top-section elementor-element elementor-element-337c911 elementor-section-boxed elementor-section-height-default elementor-section-height-default wpr-particle-no wpr-jarallax-no wpr-parallax-no wpr-sticky-section-no wpr-equal-height-no\" data-id=\"337c911\" data-element_type=\"section\" data-e-type=\"section\">\n\t\t\t\t\t\t<div class=\"elementor-container elementor-column-gap-default\">\n\t\t\t\t\t<div class=\"elementor-column elementor-col-100 elementor-top-column elementor-element elementor-element-d9aba45\" data-id=\"d9aba45\" data-element_type=\"column\" data-e-type=\"column\">\n\t\t\t<div class=\"elementor-widget-wrap elementor-element-populated\">\n\t\t\t\t\t\t<div class=\"elementor-element elementor-element-b84d035 elementor-widget elementor-widget-spacer\" data-id=\"b84d035\" data-element_type=\"widget\" data-e-type=\"widget\" data-widget_type=\"spacer.default\">\n\t\t\t\t<div class=\"elementor-widget-container\">\n\t\t\t\t\t\t\t<div class=\"elementor-spacer\">\n\t\t\t<div class=\"elementor-spacer-inner\"><\/div>\n\t\t<\/div>\n\t\t\t\t\t\t<\/div>\n\t\t\t\t<\/div>\n\t\t\t\t<div class=\"elementor-element elementor-element-2319187 elementor-widget elementor-widget-text-editor\" data-id=\"2319187\" data-element_type=\"widget\" data-e-type=\"widget\" data-widget_type=\"text-editor.default\">\n\t\t\t\t<div class=\"elementor-widget-container\">\n\t\t\t\t\t\t\t\t\t<p style=\"font-size: 17px; font-style: normal; font-weight: 400;\"><span style=\"font-weight: bold;\">Ville Isoherranen, Chair<\/span><\/p><p style=\"font-size: 17px; font-style: normal; font-weight: 400;\"><span style=\"font-weight: bold;\">Johanna Laurila, Vice Chair<\/span><\/p><p style=\"font-size: 17px; font-style: normal; font-weight: 400;\">Raahen Nuorkauppakamari ry.<\/p><p style=\"font-size: 17px; font-style: normal; font-weight: 400;\"><strong>Esa Pellikainen<\/strong><\/p><p style=\"font-size: 17px; font-style: normal; font-weight: 400;\">Raahe Chamber of Commerce Department<\/p><p><strong>Jaakko Simomaa\u00a0<\/strong><\/p><p>Raahen Teknillinen Seura ry.<\/p><p><strong>Kati Peltomaa<\/strong><\/p><p>Arvo Sijoitusosuuskunta<\/p><p><strong>Nina Pulkkanen<\/strong><\/p><p>Brahe Education Centre<\/p><p><strong>Kirsi Paldanius<\/strong><\/p><p>Raahen Yritt\u00e4j\u00e4t ry.<\/p><p><strong>Pasi Pitk\u00e4nen<\/strong><\/p><p>Raahen Seudun kehitys<\/p><p><strong>Reija Sorsa<\/strong><\/p><p>Raahentienoon Osuuspankki<\/p><p><strong>Antero Aulakoski<\/strong><\/p><p>Pohjois-Pohjanmaan hyvinvointialue Pohde<\/p><p><strong>Jari K\u00e4hk\u00f6nen<\/strong><\/p><p>Kajaanin Ammattikorkeakoulu<\/p>\t\t\t\t\t\t\t\t<\/div>\n\t\t\t\t<\/div>\n\t\t\t\t<div class=\"elementor-element elementor-element-8952feb elementor-widget elementor-widget-spacer\" data-id=\"8952feb\" data-element_type=\"widget\" data-e-type=\"widget\" data-widget_type=\"spacer.default\">\n\t\t\t\t<div class=\"elementor-widget-container\">\n\t\t\t\t\t\t\t<div class=\"elementor-spacer\">\n\t\t\t<div class=\"elementor-spacer-inner\"><\/div>\n\t\t<\/div>\n\t\t\t\t\t\t<\/div>\n\t\t\t\t<\/div>\n\t\t\t\t\t<\/div>\n\t\t<\/div>\n\t\t\t\t\t<\/div>\n\t\t<\/section>\n\t\t\t\t<section class=\"elementor-section elementor-top-section elementor-element elementor-element-53f397c elementor-section-full_width elementor-section-height-min-height elementor-section-height-default elementor-section-items-middle wpr-particle-no wpr-jarallax-no wpr-parallax-no wpr-sticky-section-no wpr-equal-height-no\" data-id=\"53f397c\" data-element_type=\"section\" data-e-type=\"section\" data-settings=\"{&quot;background_background&quot;:&quot;classic&quot;}\">\n\t\t\t\t\t\t<div class=\"elementor-container elementor-column-gap-default\">\n\t\t\t\t\t<div class=\"elementor-column elementor-col-100 elementor-top-column elementor-element elementor-element-b3c1fc0\" data-id=\"b3c1fc0\" data-element_type=\"column\" data-e-type=\"column\">\n\t\t\t<div class=\"elementor-widget-wrap elementor-element-populated\">\n\t\t\t\t\t\t<div class=\"elementor-element elementor-element-3bc2e2d elementor-widget elementor-widget-image\" data-id=\"3bc2e2d\" data-element_type=\"widget\" data-e-type=\"widget\" data-widget_type=\"image.default\">\n\t\t\t\t<div class=\"elementor-widget-container\">\n\t\t\t\t\t\t\t\t\t\t\t\t\t\t\t<img fetchpriority=\"high\" decoding=\"async\" width=\"1705\" height=\"1768\" src=\"https:\/\/pehrbrahe.fi\/wp-content\/uploads\/2025\/05\/pehrbrahensaatio_tekstilla2-60x62.png\" class=\"attachment-full size-full wp-image-2489\" alt=\"\" srcset=\"https:\/\/pehrbrahe.fi\/wp-content\/uploads\/2025\/05\/pehrbrahensaatio_tekstilla2.png 1705w, https:\/\/pehrbrahe.fi\/wp-content\/uploads\/2025\/05\/pehrbrahensaatio_tekstilla2-289x300.png 289w, https:\/\/pehrbrahe.fi\/wp-content\/uploads\/2025\/05\/pehrbrahensaatio_tekstilla2-988x1024.png 988w, https:\/\/pehrbrahe.fi\/wp-content\/uploads\/2025\/05\/pehrbrahensaatio_tekstilla2-768x796.png 768w, https:\/\/pehrbrahe.fi\/wp-content\/uploads\/2025\/05\/pehrbrahensaatio_tekstilla2-1481x1536.png 1481w, https:\/\/pehrbrahe.fi\/wp-content\/uploads\/2025\/05\/pehrbrahensaatio_tekstilla2-12x12.png 12w, https:\/\/pehrbrahe.fi\/wp-content\/uploads\/2025\/05\/pehrbrahensaatio_tekstilla2-60x62.png 60w\" sizes=\"(max-width: 1705px) 100vw, 1705px\" \/>\t\t\t\t\t\t\t\t\t\t\t\t\t\t\t<\/div>\n\t\t\t\t<\/div>\n\t\t\t\t\t<\/div>\n\t\t<\/div>\n\t\t\t\t\t<\/div>\n\t\t<\/section>\n\t\t\t\t<\/div>","protected":false},"excerpt":{"rendered":"<p>S\u00e4\u00e4ti\u00f6n valtuuskunta Ville Isoherranen, pj Johanna Laurila, vpj Raahen Nuorkauppakamari ry. Esa Pellikainen Raahen kauppakamariosasto Jaakko Simomaa\u00a0 Raahen Teknillinen Seura ry. Kati Peltomaa Arvo Sijoitusosuuskunta Nina Pulkkanen Koulutuskuntayhtym\u00e4 Brahe Kirsi Paldanius Raahen Yritt\u00e4j\u00e4t ry. Pasi Pitk\u00e4nen Raahen Seudun kehitys Reija Sorsa Raahentienoon Osuuspankki Antero Aulakoski Pohjois-Pohjanmaan hyvinvointialue Pohde Jari K\u00e4hk\u00f6nen Kajaanin Ammattikorkeakoulu<\/p>","protected":false},"author":1,"featured_media":0,"parent":0,"menu_order":0,"comment_status":"closed","ping_status":"closed","template":"","meta":{"site-sidebar-layout":"no-sidebar","site-content-layout":"page-builder","ast-site-content-layout":"default","site-content-style":"default","site-sidebar-style":"default","ast-global-header-display":"","ast-banner-title-visibility":"","ast-main-header-display":"","ast-hfb-above-header-display":"","ast-hfb-below-header-display":"","ast-hfb-mobile-header-display":"","site-post-title":"disabled","ast-breadcrumbs-content":"","ast-featured-img":"disabled","footer-sml-layout":"","ast-disable-related-posts":"","theme-transparent-header-meta":"","adv-header-id-meta":"","stick-header-meta":"","header-above-stick-meta":"","header-main-stick-meta":"","header-below-stick-meta":"","astra-migrate-meta-layouts":"default","ast-page-background-enabled":"default","ast-page-background-meta":{"desktop":{"background-color":"var(--ast-global-color-4)","background-image":"","background-repeat":"repeat","background-position":"center center","background-size":"auto","background-attachment":"scroll","background-type":"","background-media":"","overlay-type":"","overlay-color":"","overlay-opacity":"","overlay-gradient":""},"tablet":{"background-color":"","background-image":"","background-repeat":"repeat","background-position":"center center","background-size":"auto","background-attachment":"scroll","background-type":"","background-media":"","overlay-type":"","overlay-color":"","overlay-opacity":"","overlay-gradient":""},"mobile":{"background-color":"","background-image":"","background-repeat":"repeat","background-position":"center center","background-size":"auto","background-attachment":"scroll","background-type":"","background-media":"","overlay-type":"","overlay-color":"","overlay-opacity":"","overlay-gradient":""}},"ast-content-background-meta":{"desktop":{"background-color":"var(--ast-global-color-5)","background-image":"","background-repeat":"repeat","background-position":"center center","background-size":"auto","background-attachment":"scroll","background-type":"","background-media":"","overlay-type":"","overlay-color":"","overlay-opacity":"","overlay-gradient":""},"tablet":{"background-color":"var(--ast-global-color-5)","background-image":"","background-repeat":"repeat","background-position":"center center","background-size":"auto","background-attachment":"scroll","background-type":"","background-media":"","overlay-type":"","overlay-color":"","overlay-opacity":"","overlay-gradient":""},"mobile":{"background-color":"var(--ast-global-color-5)","background-image":"","background-repeat":"repeat","background-position":"center center","background-size":"auto","background-attachment":"scroll","background-type":"","background-media":"","overlay-type":"","overlay-color":"","overlay-opacity":"","overlay-gradient":""}},"footnotes":""},"class_list":["post-1550","page","type-page","status-publish","hentry"],"yoast_head":"<!-- This site is optimized with the Yoast SEO plugin v27.5 - https:\/\/yoast.com\/product\/yoast-seo-wordpress\/ -->\n<title>S\u00e4\u00e4ti\u00f6n valtuuskunta - Pehr Brahen s\u00e4\u00e4ti\u00f6 sr<\/title>\n<meta name=\"robots\" content=\"index, follow, max-snippet:-1, max-image-preview:large, max-video-preview:-1\" \/>\n<link rel=\"canonical\" href=\"https:\/\/pehrbrahe.fi\/en\/saation-valtuuskunta\/\" \/>\n<meta property=\"og:locale\" content=\"en_US\" \/>\n<meta property=\"og:type\" content=\"article\" \/>\n<meta property=\"og:title\" content=\"S\u00e4\u00e4ti\u00f6n valtuuskunta - Pehr Brahen s\u00e4\u00e4ti\u00f6 sr\" \/>\n<meta property=\"og:description\" content=\"S\u00e4\u00e4ti\u00f6n valtuuskunta Ville Isoherranen, pj Johanna Laurila, vpj Raahen Nuorkauppakamari ry. Esa Pellikainen Raahen kauppakamariosasto Jaakko Simomaa\u00a0 Raahen Teknillinen Seura ry. Kati Peltomaa Arvo Sijoitusosuuskunta Nina Pulkkanen Koulutuskuntayhtym\u00e4 Brahe Kirsi Paldanius Raahen Yritt\u00e4j\u00e4t ry. Pasi Pitk\u00e4nen Raahen Seudun kehitys Reija Sorsa Raahentienoon Osuuspankki Antero Aulakoski Pohjois-Pohjanmaan hyvinvointialue Pohde Jari K\u00e4hk\u00f6nen Kajaanin Ammattikorkeakoulu\" \/>\n<meta property=\"og:url\" content=\"https:\/\/pehrbrahe.fi\/en\/saation-valtuuskunta\/\" \/>\n<meta property=\"og:site_name\" content=\"Pehr Brahen s\u00e4\u00e4ti\u00f6 sr\" \/>\n<meta property=\"article:modified_time\" content=\"2025-11-12T12:01:43+00:00\" \/>\n<meta property=\"og:image\" content=\"https:\/\/pehrbrahe.fi\/wp-content\/uploads\/2025\/05\/pehrbrahensaatio_tekstilla2.png\" \/>\n\t<meta property=\"og:image:width\" content=\"1705\" \/>\n\t<meta property=\"og:image:height\" content=\"1768\" \/>\n\t<meta property=\"og:image:type\" content=\"image\/png\" \/>\n<meta name=\"twitter:card\" content=\"summary_large_image\" \/>\n<meta name=\"twitter:label1\" content=\"Est. reading time\" \/>\n\t<meta name=\"twitter:data1\" content=\"1 minute\" \/>\n<script type=\"application\/ld+json\" class=\"yoast-schema-graph\">{\"@context\":\"https:\\\/\\\/schema.org\",\"@graph\":[{\"@type\":\"WebPage\",\"@id\":\"https:\\\/\\\/pehrbrahe.fi\\\/saation-valtuuskunta\\\/\",\"url\":\"https:\\\/\\\/pehrbrahe.fi\\\/saation-valtuuskunta\\\/\",\"name\":\"S\u00e4\u00e4ti\u00f6n valtuuskunta - Pehr Brahen s\u00e4\u00e4ti\u00f6 sr\",\"isPartOf\":{\"@id\":\"https:\\\/\\\/pehrbrahe.fi\\\/#website\"},\"primaryImageOfPage\":{\"@id\":\"https:\\\/\\\/pehrbrahe.fi\\\/saation-valtuuskunta\\\/#primaryimage\"},\"image\":{\"@id\":\"https:\\\/\\\/pehrbrahe.fi\\\/saation-valtuuskunta\\\/#primaryimage\"},\"thumbnailUrl\":\"https:\\\/\\\/pehrbrahe.fi\\\/wp-content\\\/uploads\\\/2025\\\/05\\\/pehrbrahensaatio_tekstilla2-60x62.png\",\"datePublished\":\"2022-02-24T15:42:43+00:00\",\"dateModified\":\"2025-11-12T12:01:43+00:00\",\"breadcrumb\":{\"@id\":\"https:\\\/\\\/pehrbrahe.fi\\\/saation-valtuuskunta\\\/#breadcrumb\"},\"inLanguage\":\"en-US\",\"potentialAction\":[{\"@type\":\"ReadAction\",\"target\":[\"https:\\\/\\\/pehrbrahe.fi\\\/saation-valtuuskunta\\\/\"]}]},{\"@type\":\"ImageObject\",\"inLanguage\":\"en-US\",\"@id\":\"https:\\\/\\\/pehrbrahe.fi\\\/saation-valtuuskunta\\\/#primaryimage\",\"url\":\"https:\\\/\\\/pehrbrahe.fi\\\/wp-content\\\/uploads\\\/2025\\\/05\\\/pehrbrahensaatio_tekstilla2-60x62.png\",\"contentUrl\":\"https:\\\/\\\/pehrbrahe.fi\\\/wp-content\\\/uploads\\\/2025\\\/05\\\/pehrbrahensaatio_tekstilla2-60x62.png\"},{\"@type\":\"BreadcrumbList\",\"@id\":\"https:\\\/\\\/pehrbrahe.fi\\\/saation-valtuuskunta\\\/#breadcrumb\",\"itemListElement\":[{\"@type\":\"ListItem\",\"position\":1,\"name\":\"Home\",\"item\":\"https:\\\/\\\/pehrbrahe.fi\\\/\"},{\"@type\":\"ListItem\",\"position\":2,\"name\":\"S\u00e4\u00e4ti\u00f6n valtuuskunta\"}]},{\"@type\":\"WebSite\",\"@id\":\"https:\\\/\\\/pehrbrahe.fi\\\/#website\",\"url\":\"https:\\\/\\\/pehrbrahe.fi\\\/\",\"name\":\"Pehr Brahen s\u00e4\u00e4ti\u00f6 sr\",\"description\":\"\",\"publisher\":{\"@id\":\"https:\\\/\\\/pehrbrahe.fi\\\/#organization\"},\"potentialAction\":[{\"@type\":\"SearchAction\",\"target\":{\"@type\":\"EntryPoint\",\"urlTemplate\":\"https:\\\/\\\/pehrbrahe.fi\\\/?s={search_term_string}\"},\"query-input\":{\"@type\":\"PropertyValueSpecification\",\"valueRequired\":true,\"valueName\":\"search_term_string\"}}],\"inLanguage\":\"en-US\"},{\"@type\":\"Organization\",\"@id\":\"https:\\\/\\\/pehrbrahe.fi\\\/#organization\",\"name\":\"Pehr Brahen s\u00e4\u00e4ti\u00f6 sr\",\"url\":\"https:\\\/\\\/pehrbrahe.fi\\\/\",\"logo\":{\"@type\":\"ImageObject\",\"inLanguage\":\"en-US\",\"@id\":\"https:\\\/\\\/pehrbrahe.fi\\\/#\\\/schema\\\/logo\\\/image\\\/\",\"url\":\"https:\\\/\\\/pehrbrahe.fi\\\/wp-content\\\/uploads\\\/2025\\\/05\\\/pehrbrahensaatio_tekstilla2.png\",\"contentUrl\":\"https:\\\/\\\/pehrbrahe.fi\\\/wp-content\\\/uploads\\\/2025\\\/05\\\/pehrbrahensaatio_tekstilla2.png\",\"width\":1705,\"height\":1768,\"caption\":\"Pehr Brahen s\u00e4\u00e4ti\u00f6 sr\"},\"image\":{\"@id\":\"https:\\\/\\\/pehrbrahe.fi\\\/#\\\/schema\\\/logo\\\/image\\\/\"}}]}<\/script>\n<!-- \/ Yoast SEO plugin. -->","yoast_head_json":{"title":"S\u00e4\u00e4ti\u00f6n valtuuskunta - Pehr Brahen s\u00e4\u00e4ti\u00f6 sr","robots":{"index":"index","follow":"follow","max-snippet":"max-snippet:-1","max-image-preview":"max-image-preview:large","max-video-preview":"max-video-preview:-1"},"canonical":"https:\/\/pehrbrahe.fi\/en\/saation-valtuuskunta\/","og_locale":"en_US","og_type":"article","og_title":"S\u00e4\u00e4ti\u00f6n valtuuskunta - Pehr Brahen s\u00e4\u00e4ti\u00f6 sr","og_description":"S\u00e4\u00e4ti\u00f6n valtuuskunta Ville Isoherranen, pj Johanna Laurila, vpj Raahen Nuorkauppakamari ry. Esa Pellikainen Raahen kauppakamariosasto Jaakko Simomaa\u00a0 Raahen Teknillinen Seura ry. Kati Peltomaa Arvo Sijoitusosuuskunta Nina Pulkkanen Koulutuskuntayhtym\u00e4 Brahe Kirsi Paldanius Raahen Yritt\u00e4j\u00e4t ry. Pasi Pitk\u00e4nen Raahen Seudun kehitys Reija Sorsa Raahentienoon Osuuspankki Antero Aulakoski Pohjois-Pohjanmaan hyvinvointialue Pohde Jari K\u00e4hk\u00f6nen Kajaanin Ammattikorkeakoulu","og_url":"https:\/\/pehrbrahe.fi\/en\/saation-valtuuskunta\/","og_site_name":"Pehr Brahen s\u00e4\u00e4ti\u00f6 sr","article_modified_time":"2025-11-12T12:01:43+00:00","og_image":[{"width":1705,"height":1768,"url":"https:\/\/pehrbrahe.fi\/wp-content\/uploads\/2025\/05\/pehrbrahensaatio_tekstilla2.png","type":"image\/png"}],"twitter_card":"summary_large_image","twitter_misc":{"Est. reading time":"1 minute"},"schema":{"@context":"https:\/\/schema.org","@graph":[{"@type":"WebPage","@id":"https:\/\/pehrbrahe.fi\/saation-valtuuskunta\/","url":"https:\/\/pehrbrahe.fi\/saation-valtuuskunta\/","name":"S\u00e4\u00e4ti\u00f6n valtuuskunta - Pehr Brahen s\u00e4\u00e4ti\u00f6 sr","isPartOf":{"@id":"https:\/\/pehrbrahe.fi\/#website"},"primaryImageOfPage":{"@id":"https:\/\/pehrbrahe.fi\/saation-valtuuskunta\/#primaryimage"},"image":{"@id":"https:\/\/pehrbrahe.fi\/saation-valtuuskunta\/#primaryimage"},"thumbnailUrl":"https:\/\/pehrbrahe.fi\/wp-content\/uploads\/2025\/05\/pehrbrahensaatio_tekstilla2-60x62.png","datePublished":"2022-02-24T15:42:43+00:00","dateModified":"2025-11-12T12:01:43+00:00","breadcrumb":{"@id":"https:\/\/pehrbrahe.fi\/saation-valtuuskunta\/#breadcrumb"},"inLanguage":"en-US","potentialAction":[{"@type":"ReadAction","target":["https:\/\/pehrbrahe.fi\/saation-valtuuskunta\/"]}]},{"@type":"ImageObject","inLanguage":"en-US","@id":"https:\/\/pehrbrahe.fi\/saation-valtuuskunta\/#primaryimage","url":"https:\/\/pehrbrahe.fi\/wp-content\/uploads\/2025\/05\/pehrbrahensaatio_tekstilla2-60x62.png","contentUrl":"https:\/\/pehrbrahe.fi\/wp-content\/uploads\/2025\/05\/pehrbrahensaatio_tekstilla2-60x62.png"},{"@type":"BreadcrumbList","@id":"https:\/\/pehrbrahe.fi\/saation-valtuuskunta\/#breadcrumb","itemListElement":[{"@type":"ListItem","position":1,"name":"Home","item":"https:\/\/pehrbrahe.fi\/"},{"@type":"ListItem","position":2,"name":"S\u00e4\u00e4ti\u00f6n valtuuskunta"}]},{"@type":"WebSite","@id":"https:\/\/pehrbrahe.fi\/#website","url":"https:\/\/pehrbrahe.fi\/","name":"Pehr Brahen s\u00e4\u00e4ti\u00f6 sr","description":"","publisher":{"@id":"https:\/\/pehrbrahe.fi\/#organization"},"potentialAction":[{"@type":"SearchAction","target":{"@type":"EntryPoint","urlTemplate":"https:\/\/pehrbrahe.fi\/?s={search_term_string}"},"query-input":{"@type":"PropertyValueSpecification","valueRequired":true,"valueName":"search_term_string"}}],"inLanguage":"en-US"},{"@type":"Organization","@id":"https:\/\/pehrbrahe.fi\/#organization","name":"Pehr Brahen s\u00e4\u00e4ti\u00f6 sr","url":"https:\/\/pehrbrahe.fi\/","logo":{"@type":"ImageObject","inLanguage":"en-US","@id":"https:\/\/pehrbrahe.fi\/#\/schema\/logo\/image\/","url":"https:\/\/pehrbrahe.fi\/wp-content\/uploads\/2025\/05\/pehrbrahensaatio_tekstilla2.png","contentUrl":"https:\/\/pehrbrahe.fi\/wp-content\/uploads\/2025\/05\/pehrbrahensaatio_tekstilla2.png","width":1705,"height":1768,"caption":"Pehr Brahen s\u00e4\u00e4ti\u00f6 sr"},"image":{"@id":"https:\/\/pehrbrahe.fi\/#\/schema\/logo\/image\/"}}]}},"_links":{"self":[{"href":"https:\/\/pehrbrahe.fi\/en\/wp-json\/wp\/v2\/pages\/1550","targetHints":{"allow":["GET"]}}],"collection":[{"href":"https:\/\/pehrbrahe.fi\/en\/wp-json\/wp\/v2\/pages"}],"about":[{"href":"https:\/\/pehrbrahe.fi\/en\/wp-json\/wp\/v2\/types\/page"}],"author":[{"embeddable":true,"href":"https:\/\/pehrbrahe.fi\/en\/wp-json\/wp\/v2\/users\/1"}],"replies":[{"embeddable":true,"href":"https:\/\/pehrbrahe.fi\/en\/wp-json\/wp\/v2\/comments?post=1550"}],"version-history":[{"count":124,"href":"https:\/\/pehrbrahe.fi\/en\/wp-json\/wp\/v2\/pages\/1550\/revisions"}],"predecessor-version":[{"id":2776,"href":"https:\/\/pehrbrahe.fi\/en\/wp-json\/wp\/v2\/pages\/1550\/revisions\/2776"}],"wp:attachment":[{"href":"https:\/\/pehrbrahe.fi\/en\/wp-json\/wp\/v2\/media?parent=1550"}],"curies":[{"name":"wp","href":"https:\/\/api.w.org\/{rel}","templated":true}]}}