{"id":1466,"date":"2022-02-24T14:02:58","date_gmt":"2022-02-24T14:02:58","guid":{"rendered":"https:\/\/pehrbrahe.fi\/uusi\/?page_id=1466"},"modified":"2025-05-21T21:21:36","modified_gmt":"2025-05-21T18:21:36","slug":"yhteystiedot","status":"publish","type":"page","link":"https:\/\/pehrbrahe.fi\/en\/yhteystiedot\/","title":{"rendered":"Contacts"},"content":{"rendered":"\t\t<div data-elementor-type=\"wp-page\" data-elementor-id=\"1466\" class=\"elementor elementor-1466\">\n\t\t\t\t\t\t<section class=\"elementor-section elementor-top-section elementor-element elementor-element-c543fa1 elementor-section-full_width elementor-section-height-min-height elementor-section-height-default elementor-section-items-middle wpr-particle-no wpr-jarallax-no wpr-parallax-no wpr-sticky-section-no wpr-column-slider-no wpr-equal-height-no\" data-id=\"c543fa1\" data-element_type=\"section\" data-e-type=\"section\" data-settings=\"{&quot;background_background&quot;:&quot;classic&quot;}\">\n\t\t\t\t\t\t<div class=\"elementor-container elementor-column-gap-default\">\n\t\t\t\t\t<div class=\"elementor-column elementor-col-100 elementor-top-column elementor-element elementor-element-7a2eaad\" data-id=\"7a2eaad\" data-element_type=\"column\" data-e-type=\"column\">\n\t\t\t<div class=\"elementor-widget-wrap\">\n\t\t\t\t\t\t\t<\/div>\n\t\t<\/div>\n\t\t\t\t\t<\/div>\n\t\t<\/section>\n\t\t\t\t<section class=\"elementor-section elementor-top-section elementor-element elementor-element-5adbb8a elementor-section-boxed elementor-section-height-default elementor-section-height-default wpr-particle-no wpr-jarallax-no wpr-parallax-no wpr-sticky-section-no wpr-column-slider-no wpr-equal-height-no\" data-id=\"5adbb8a\" data-element_type=\"section\" data-e-type=\"section\">\n\t\t\t\t\t\t<div class=\"elementor-container elementor-column-gap-default\">\n\t\t\t\t\t<div class=\"elementor-column elementor-col-100 elementor-top-column elementor-element elementor-element-60b880e\" data-id=\"60b880e\" data-element_type=\"column\" data-e-type=\"column\">\n\t\t\t<div class=\"elementor-widget-wrap elementor-element-populated\">\n\t\t\t\t\t\t<div class=\"elementor-element elementor-element-1d977fa elementor-widget elementor-widget-spacer\" data-id=\"1d977fa\" data-element_type=\"widget\" data-e-type=\"widget\" data-widget_type=\"spacer.default\">\n\t\t\t\t<div class=\"elementor-widget-container\">\n\t\t\t\t\t\t\t<div class=\"elementor-spacer\">\n\t\t\t<div class=\"elementor-spacer-inner\"><\/div>\n\t\t<\/div>\n\t\t\t\t\t\t<\/div>\n\t\t\t\t<\/div>\n\t\t\t\t<div class=\"elementor-element elementor-element-c68f4c7 elementor-widget-mobile__width-inherit elementor-invisible elementor-widget elementor-widget-heading\" data-id=\"c68f4c7\" data-element_type=\"widget\" data-e-type=\"widget\" data-settings=\"{&quot;_animation&quot;:&quot;fadeIn&quot;}\" data-widget_type=\"heading.default\">\n\t\t\t\t<div class=\"elementor-widget-container\">\n\t\t\t\t\t<h1 class=\"elementor-heading-title elementor-size-default\">Yhteystiedot<\/h1>\t\t\t\t<\/div>\n\t\t\t\t<\/div>\n\t\t\t\t<div class=\"elementor-element elementor-element-65308d0 elementor-widget elementor-widget-spacer\" data-id=\"65308d0\" data-element_type=\"widget\" data-e-type=\"widget\" data-widget_type=\"spacer.default\">\n\t\t\t\t<div class=\"elementor-widget-container\">\n\t\t\t\t\t\t\t<div class=\"elementor-spacer\">\n\t\t\t<div class=\"elementor-spacer-inner\"><\/div>\n\t\t<\/div>\n\t\t\t\t\t\t<\/div>\n\t\t\t\t<\/div>\n\t\t\t\t\t<\/div>\n\t\t<\/div>\n\t\t\t\t\t<\/div>\n\t\t<\/section>\n\t\t\t\t<section class=\"elementor-section elementor-top-section elementor-element elementor-element-f38a750 elementor-section-boxed elementor-section-height-default elementor-section-height-default wpr-particle-no wpr-jarallax-no wpr-parallax-no wpr-sticky-section-no wpr-column-slider-no wpr-equal-height-no elementor-invisible\" data-id=\"f38a750\" data-element_type=\"section\" data-e-type=\"section\" data-settings=\"{&quot;animation&quot;:&quot;fadeIn&quot;}\">\n\t\t\t\t\t\t<div class=\"elementor-container elementor-column-gap-default\">\n\t\t\t\t\t<div class=\"elementor-column elementor-col-33 elementor-top-column elementor-element elementor-element-b235490\" data-id=\"b235490\" data-element_type=\"column\" data-e-type=\"column\">\n\t\t\t<div class=\"elementor-widget-wrap elementor-element-populated\">\n\t\t\t\t\t\t<div class=\"elementor-element elementor-element-b4b1ff6 elementor-widget-mobile__width-inherit elementor-widget elementor-widget-text-editor\" data-id=\"b4b1ff6\" data-element_type=\"widget\" data-e-type=\"widget\" data-widget_type=\"text-editor.default\">\n\t\t\t\t<div class=\"elementor-widget-container\">\n\t\t\t\t\t\t\t\t\t<p><strong>Asiainhoitaja<\/strong><\/p>\n<p>Tuija Nurkkala<\/p>\n<p>info@pehrbrahe.fi<\/p>\n<p>p. 0400 252 138\u00a0<\/p>\n<p>Tervahovinkatu 2, 92150 Raahe<\/p>\t\t\t\t\t\t\t\t<\/div>\n\t\t\t\t<\/div>\n\t\t\t\t\t<\/div>\n\t\t<\/div>\n\t\t\t\t<div class=\"elementor-column elementor-col-33 elementor-top-column elementor-element elementor-element-62acf46\" data-id=\"62acf46\" data-element_type=\"column\" data-e-type=\"column\">\n\t\t\t<div class=\"elementor-widget-wrap elementor-element-populated\">\n\t\t\t\t\t\t<div class=\"elementor-element elementor-element-e57bfd1 elementor-widget-mobile__width-inherit elementor-widget elementor-widget-text-editor\" data-id=\"e57bfd1\" data-element_type=\"widget\" data-e-type=\"widget\" data-widget_type=\"text-editor.default\">\n\t\t\t\t<div class=\"elementor-widget-container\">\n\t\t\t\t\t\t\t\t\t<p><strong>Hallituksen puheenjohtaja<\/strong><\/p>\n<p>Aki Per\u00e4l\u00e4<\/p>\n<p>&nbsp;ALTEN Finland Oy<\/p>\n<p>p. 040 732 5085<\/p>\n<p>aki.perala@alten.fi<\/p>\t\t\t\t\t\t\t\t<\/div>\n\t\t\t\t<\/div>\n\t\t\t\t\t<\/div>\n\t\t<\/div>\n\t\t\t\t<div class=\"elementor-column elementor-col-33 elementor-top-column elementor-element elementor-element-5858de7\" data-id=\"5858de7\" data-element_type=\"column\" data-e-type=\"column\">\n\t\t\t<div class=\"elementor-widget-wrap elementor-element-populated\">\n\t\t\t\t\t\t<div class=\"elementor-element elementor-element-54441a3 elementor-widget-mobile__width-inherit elementor-widget elementor-widget-text-editor\" data-id=\"54441a3\" data-element_type=\"widget\" data-e-type=\"widget\" data-widget_type=\"text-editor.default\">\n\t\t\t\t<div class=\"elementor-widget-container\">\n\t\t\t\t\t\t\t\t\t<p><strong>Valtuuskunnan puheenjohtaja<\/strong><\/p>\n<p>Ville Isoherranen<\/p>\n<p>p. 040 457 0858<\/p>\n<p>ville.isoherranen@outlook.com<\/p>\t\t\t\t\t\t\t\t<\/div>\n\t\t\t\t<\/div>\n\t\t\t\t<div class=\"elementor-element elementor-element-cf9b909 elementor-widget-mobile__width-inherit elementor-widget elementor-widget-spacer\" data-id=\"cf9b909\" data-element_type=\"widget\" data-e-type=\"widget\" data-widget_type=\"spacer.default\">\n\t\t\t\t<div class=\"elementor-widget-container\">\n\t\t\t\t\t\t\t<div class=\"elementor-spacer\">\n\t\t\t<div class=\"elementor-spacer-inner\"><\/div>\n\t\t<\/div>\n\t\t\t\t\t\t<\/div>\n\t\t\t\t<\/div>\n\t\t\t\t\t<\/div>\n\t\t<\/div>\n\t\t\t\t\t<\/div>\n\t\t<\/section>\n\t\t\t\t<section class=\"elementor-section elementor-top-section elementor-element elementor-element-fe87d9a elementor-section-full_width elementor-section-height-default elementor-section-height-default wpr-particle-no wpr-jarallax-no wpr-parallax-no wpr-sticky-section-no wpr-column-slider-no wpr-equal-height-no\" data-id=\"fe87d9a\" data-element_type=\"section\" data-e-type=\"section\" data-settings=\"{&quot;background_background&quot;:&quot;classic&quot;}\">\n\t\t\t\t\t\t<div class=\"elementor-container elementor-column-gap-default\">\n\t\t\t\t\t<div class=\"elementor-column elementor-col-100 elementor-top-column elementor-element elementor-element-60d0e10\" data-id=\"60d0e10\" data-element_type=\"column\" data-e-type=\"column\">\n\t\t\t<div class=\"elementor-widget-wrap elementor-element-populated\">\n\t\t\t\t\t\t<div class=\"elementor-element elementor-element-f70d106 e-transform elementor-widget__width-initial elementor-widget-mobile__width-auto elementor-invisible elementor-widget elementor-widget-wpforms\" data-id=\"f70d106\" data-element_type=\"widget\" data-e-type=\"widget\" data-settings=\"{&quot;_animation&quot;:&quot;fadeInRight&quot;,&quot;_transform_translateX_effect&quot;:{&quot;unit&quot;:&quot;px&quot;,&quot;size&quot;:24,&quot;sizes&quot;:[]},&quot;_transform_translateY_effect&quot;:{&quot;unit&quot;:&quot;px&quot;,&quot;size&quot;:12,&quot;sizes&quot;:[]},&quot;_transform_translateX_effect_tablet&quot;:{&quot;unit&quot;:&quot;px&quot;,&quot;size&quot;:&quot;&quot;,&quot;sizes&quot;:[]},&quot;_transform_translateX_effect_mobile&quot;:{&quot;unit&quot;:&quot;px&quot;,&quot;size&quot;:&quot;&quot;,&quot;sizes&quot;:[]},&quot;_transform_translateY_effect_tablet&quot;:{&quot;unit&quot;:&quot;px&quot;,&quot;size&quot;:&quot;&quot;,&quot;sizes&quot;:[]},&quot;_transform_translateY_effect_mobile&quot;:{&quot;unit&quot;:&quot;px&quot;,&quot;size&quot;:&quot;&quot;,&quot;sizes&quot;:[]}}\" data-widget_type=\"wpforms.default\">\n\t\t\t\t<div class=\"elementor-widget-container\">\n\t\t\t\t\t<div class=\"wpforms-container \" id=\"wpforms-6\"><form id=\"wpforms-form-6\" class=\"wpforms-validate wpforms-form\" data-formid=\"6\" method=\"post\" enctype=\"multipart\/form-data\" action=\"\/en\/wp-json\/wp\/v2\/pages\/1466\" data-token=\"3e2c31dd59baeae86883650b30d3a934\" data-token-time=\"1778907042\"><div class=\"wpforms-head-container\"><div class=\"wpforms-title\">Yhteydenottolomake<\/div><\/div><noscript class=\"wpforms-error-noscript\">Please enable JavaScript in your browser to complete this form.<\/noscript><div class=\"wpforms-field-container\"><div id=\"wpforms-6-field_0-container\" class=\"wpforms-field wpforms-field-name\" data-field-id=\"0\"><label class=\"wpforms-field-label\" for=\"wpforms-6-field_0\">Nimi <span class=\"wpforms-required-label\">*<\/span><\/label><input type=\"text\" id=\"wpforms-6-field_0\" class=\"wpforms-field-large wpforms-field-required\" name=\"wpforms[fields][0]\" required><\/div><div id=\"wpforms-6-field_1-container\" class=\"wpforms-field wpforms-field-email\" data-field-id=\"1\"><label class=\"wpforms-field-label\" for=\"wpforms-6-field_1\">S\u00e4hk\u00f6postiosoite <span class=\"wpforms-required-label\">*<\/span><\/label><input type=\"email\" id=\"wpforms-6-field_1\" class=\"wpforms-field-large wpforms-field-required\" name=\"wpforms[fields][1]\" spellcheck=\"false\" required><\/div><div id=\"wpforms-6-field_3-container\" class=\"wpforms-field wpforms-field-text\" data-field-id=\"3\"><label class=\"wpforms-field-label\" for=\"wpforms-6-field_3\">Aihe <span class=\"wpforms-required-label\">*<\/span><\/label><input type=\"text\" id=\"wpforms-6-field_3\" class=\"wpforms-field-large wpforms-field-required\" name=\"wpforms[fields][3]\" required><\/div><div id=\"wpforms-6-field_2-container\" class=\"wpforms-field wpforms-field-textarea\" data-field-id=\"2\"><label class=\"wpforms-field-label\" for=\"wpforms-6-field_2\">Viesti <span class=\"wpforms-required-label\">*<\/span><\/label><textarea id=\"wpforms-6-field_2\" class=\"wpforms-field-medium wpforms-field-required\" name=\"wpforms[fields][2]\" required><\/textarea><\/div><\/div><!-- .wpforms-field-container --><div class=\"wpforms-field wpforms-field-hp\"><label for=\"wpforms-6-field-hp\" class=\"wpforms-field-label\">Website<\/label><input type=\"text\" name=\"wpforms[hp]\" id=\"wpforms-6-field-hp\" class=\"wpforms-field-medium\"><\/div><div class=\"wpforms-submit-container\" ><input type=\"hidden\" name=\"wpforms[id]\" value=\"6\"><input type=\"hidden\" name=\"page_title\" value=\"\"><input type=\"hidden\" name=\"page_url\" value=\"https:\/\/pehrbrahe.fi\/en\/wp-json\/wp\/v2\/pages\/1466\"><input type=\"hidden\" name=\"url_referer\" value=\"\"><button type=\"submit\" name=\"wpforms[submit]\" id=\"wpforms-submit-6\" class=\"wpforms-submit\" data-alt-text=\"L\u00e4hett\u00e4\u00e4...\" data-submit-text=\"L\u00e4het\u00e4\" aria-live=\"assertive\" value=\"wpforms-submit\">L\u00e4het\u00e4<\/button><\/div><\/form><\/div>  <!-- .wpforms-container -->\t\t\t\t<\/div>\n\t\t\t\t<\/div>\n\t\t\t\t\t<\/div>\n\t\t<\/div>\n\t\t\t\t\t<\/div>\n\t\t<\/section>\n\t\t\t\t<section class=\"elementor-section elementor-top-section elementor-element elementor-element-749453f elementor-section-full_width elementor-section-height-min-height elementor-section-height-default elementor-section-items-middle wpr-particle-no wpr-jarallax-no wpr-parallax-no wpr-sticky-section-no wpr-column-slider-no wpr-equal-height-no\" data-id=\"749453f\" data-element_type=\"section\" data-e-type=\"section\" data-settings=\"{&quot;background_background&quot;:&quot;classic&quot;}\">\n\t\t\t\t\t\t<div class=\"elementor-container elementor-column-gap-default\">\n\t\t\t\t\t<div class=\"elementor-column elementor-col-100 elementor-top-column elementor-element elementor-element-7845892\" data-id=\"7845892\" data-element_type=\"column\" data-e-type=\"column\">\n\t\t\t<div class=\"elementor-widget-wrap elementor-element-populated\">\n\t\t\t\t\t\t<div class=\"elementor-element elementor-element-7e2f915 elementor-widget elementor-widget-image\" data-id=\"7e2f915\" data-element_type=\"widget\" data-e-type=\"widget\" data-widget_type=\"image.default\">\n\t\t\t\t<div class=\"elementor-widget-container\">\n\t\t\t\t\t\t\t\t\t\t\t\t\t\t\t<img fetchpriority=\"high\" decoding=\"async\" width=\"1705\" height=\"1768\" src=\"https:\/\/pehrbrahe.fi\/wp-content\/uploads\/2025\/05\/pehrbrahensaatio_tekstilla2-60x62.png\" class=\"attachment-full size-full wp-image-2489\" alt=\"\" srcset=\"https:\/\/pehrbrahe.fi\/wp-content\/uploads\/2025\/05\/pehrbrahensaatio_tekstilla2.png 1705w, https:\/\/pehrbrahe.fi\/wp-content\/uploads\/2025\/05\/pehrbrahensaatio_tekstilla2-289x300.png 289w, https:\/\/pehrbrahe.fi\/wp-content\/uploads\/2025\/05\/pehrbrahensaatio_tekstilla2-988x1024.png 988w, https:\/\/pehrbrahe.fi\/wp-content\/uploads\/2025\/05\/pehrbrahensaatio_tekstilla2-768x796.png 768w, https:\/\/pehrbrahe.fi\/wp-content\/uploads\/2025\/05\/pehrbrahensaatio_tekstilla2-1481x1536.png 1481w, https:\/\/pehrbrahe.fi\/wp-content\/uploads\/2025\/05\/pehrbrahensaatio_tekstilla2-12x12.png 12w, https:\/\/pehrbrahe.fi\/wp-content\/uploads\/2025\/05\/pehrbrahensaatio_tekstilla2-60x62.png 60w\" sizes=\"(max-width: 1705px) 100vw, 1705px\" \/>\t\t\t\t\t\t\t\t\t\t\t\t\t\t\t<\/div>\n\t\t\t\t<\/div>\n\t\t\t\t\t<\/div>\n\t\t<\/div>\n\t\t\t\t\t<\/div>\n\t\t<\/section>\n\t\t\t\t<\/div>\n\t\t","protected":false},"excerpt":{"rendered":"<p>Yhteystiedot Asiainhoitaja Tuija Nurkkala info@pehrbrahe.fi p. 0400 252 138\u00a0 Tervahovinkatu 2, 92150 Raahe Hallituksen puheenjohtaja Aki Per\u00e4l\u00e4 &nbsp;ALTEN Finland Oy p. 040 732 5085 aki.perala@alten.fi Valtuuskunnan puheenjohtaja Ville Isoherranen p. 040 457 0858 ville.isoherranen@outlook.com YhteydenottolomakePlease enable JavaScript in your browser to complete this form.Nimi *S\u00e4hk\u00f6postiosoite *Aihe *Viesti *Email L\u00e4het\u00e4<\/p>","protected":false},"author":1,"featured_media":0,"parent":0,"menu_order":0,"comment_status":"closed","ping_status":"closed","template":"","meta":{"site-sidebar-layout":"no-sidebar","site-content-layout":"page-builder","ast-site-content-layout":"full-width-container","site-content-style":"unboxed","site-sidebar-style":"unboxed","ast-global-header-display":"","ast-banner-title-visibility":"","ast-main-header-display":"","ast-hfb-above-header-display":"","ast-hfb-below-header-display":"","ast-hfb-mobile-header-display":"","site-post-title":"disabled","ast-breadcrumbs-content":"","ast-featured-img":"disabled","footer-sml-layout":"","ast-disable-related-posts":"","theme-transparent-header-meta":"","adv-header-id-meta":"","stick-header-meta":"","header-above-stick-meta":"","header-main-stick-meta":"","header-below-stick-meta":"","astra-migrate-meta-layouts":"set","ast-page-background-enabled":"default","ast-page-background-meta":{"desktop":{"background-color":"var(--ast-global-color-4)","background-image":"","background-repeat":"repeat","background-position":"center center","background-size":"auto","background-attachment":"scroll","background-type":"","background-media":"","overlay-type":"","overlay-color":"","overlay-opacity":"","overlay-gradient":""},"tablet":{"background-color":"","background-image":"","background-repeat":"repeat","background-position":"center center","background-size":"auto","background-attachment":"scroll","background-type":"","background-media":"","overlay-type":"","overlay-color":"","overlay-opacity":"","overlay-gradient":""},"mobile":{"background-color":"","background-image":"","background-repeat":"repeat","background-position":"center center","background-size":"auto","background-attachment":"scroll","background-type":"","background-media":"","overlay-type":"","overlay-color":"","overlay-opacity":"","overlay-gradient":""}},"ast-content-background-meta":{"desktop":{"background-color":"var(--ast-global-color-5)","background-image":"","background-repeat":"repeat","background-position":"center center","background-size":"auto","background-attachment":"scroll","background-type":"","background-media":"","overlay-type":"","overlay-color":"","overlay-opacity":"","overlay-gradient":""},"tablet":{"background-color":"var(--ast-global-color-5)","background-image":"","background-repeat":"repeat","background-position":"center center","background-size":"auto","background-attachment":"scroll","background-type":"","background-media":"","overlay-type":"","overlay-color":"","overlay-opacity":"","overlay-gradient":""},"mobile":{"background-color":"var(--ast-global-color-5)","background-image":"","background-repeat":"repeat","background-position":"center center","background-size":"auto","background-attachment":"scroll","background-type":"","background-media":"","overlay-type":"","overlay-color":"","overlay-opacity":"","overlay-gradient":""}},"footnotes":""},"class_list":["post-1466","page","type-page","status-publish","hentry"],"yoast_head":"<!-- This site is optimized with the Yoast SEO plugin v27.6 - https:\/\/yoast.com\/product\/yoast-seo-wordpress\/ -->\n<title>Yhteystiedot - Pehr Brahen s\u00e4\u00e4ti\u00f6 sr<\/title>\n<meta name=\"robots\" content=\"index, follow, max-snippet:-1, max-image-preview:large, max-video-preview:-1\" \/>\n<link rel=\"canonical\" href=\"https:\/\/pehrbrahe.fi\/en\/yhteystiedot\/\" \/>\n<meta property=\"og:locale\" content=\"en_US\" \/>\n<meta property=\"og:type\" content=\"article\" \/>\n<meta property=\"og:title\" content=\"Yhteystiedot - Pehr Brahen s\u00e4\u00e4ti\u00f6 sr\" \/>\n<meta property=\"og:description\" content=\"Yhteystiedot Asiainhoitaja Tuija Nurkkala info@pehrbrahe.fi p. 0400 252 138\u00a0 Tervahovinkatu 2, 92150 Raahe Hallituksen puheenjohtaja Aki Per\u00e4l\u00e4 &nbsp;ALTEN Finland Oy p. 040 732 5085 aki.perala@alten.fi Valtuuskunnan puheenjohtaja Ville Isoherranen p. 040 457 0858 ville.isoherranen@outlook.com YhteydenottolomakePlease enable JavaScript in your browser to complete this form.Nimi *S\u00e4hk\u00f6postiosoite *Aihe *Viesti *Email L\u00e4het\u00e4\" \/>\n<meta property=\"og:url\" content=\"https:\/\/pehrbrahe.fi\/en\/yhteystiedot\/\" \/>\n<meta property=\"og:site_name\" content=\"Pehr Brahen s\u00e4\u00e4ti\u00f6 sr\" \/>\n<meta property=\"article:modified_time\" content=\"2025-05-21T18:21:36+00:00\" \/>\n<meta property=\"og:image\" content=\"https:\/\/pehrbrahe.fi\/wp-content\/uploads\/2025\/05\/pehrbrahensaatio_tekstilla2-60x62.png\" \/>\n<meta name=\"twitter:card\" content=\"summary_large_image\" \/>\n<meta name=\"twitter:label1\" content=\"Est. reading time\" \/>\n\t<meta name=\"twitter:data1\" content=\"1 minute\" \/>\n<script type=\"application\/ld+json\" class=\"yoast-schema-graph\">{\"@context\":\"https:\\\/\\\/schema.org\",\"@graph\":[{\"@type\":\"WebPage\",\"@id\":\"https:\\\/\\\/pehrbrahe.fi\\\/yhteystiedot\\\/\",\"url\":\"https:\\\/\\\/pehrbrahe.fi\\\/yhteystiedot\\\/\",\"name\":\"Yhteystiedot - Pehr Brahen s\u00e4\u00e4ti\u00f6 sr\",\"isPartOf\":{\"@id\":\"https:\\\/\\\/pehrbrahe.fi\\\/#website\"},\"primaryImageOfPage\":{\"@id\":\"https:\\\/\\\/pehrbrahe.fi\\\/yhteystiedot\\\/#primaryimage\"},\"image\":{\"@id\":\"https:\\\/\\\/pehrbrahe.fi\\\/yhteystiedot\\\/#primaryimage\"},\"thumbnailUrl\":\"https:\\\/\\\/pehrbrahe.fi\\\/wp-content\\\/uploads\\\/2025\\\/05\\\/pehrbrahensaatio_tekstilla2-60x62.png\",\"datePublished\":\"2022-02-24T14:02:58+00:00\",\"dateModified\":\"2025-05-21T18:21:36+00:00\",\"breadcrumb\":{\"@id\":\"https:\\\/\\\/pehrbrahe.fi\\\/yhteystiedot\\\/#breadcrumb\"},\"inLanguage\":\"en-US\",\"potentialAction\":[{\"@type\":\"ReadAction\",\"target\":[\"https:\\\/\\\/pehrbrahe.fi\\\/yhteystiedot\\\/\"]}]},{\"@type\":\"ImageObject\",\"inLanguage\":\"en-US\",\"@id\":\"https:\\\/\\\/pehrbrahe.fi\\\/yhteystiedot\\\/#primaryimage\",\"url\":\"https:\\\/\\\/pehrbrahe.fi\\\/wp-content\\\/uploads\\\/2025\\\/05\\\/pehrbrahensaatio_tekstilla2-60x62.png\",\"contentUrl\":\"https:\\\/\\\/pehrbrahe.fi\\\/wp-content\\\/uploads\\\/2025\\\/05\\\/pehrbrahensaatio_tekstilla2-60x62.png\"},{\"@type\":\"BreadcrumbList\",\"@id\":\"https:\\\/\\\/pehrbrahe.fi\\\/yhteystiedot\\\/#breadcrumb\",\"itemListElement\":[{\"@type\":\"ListItem\",\"position\":1,\"name\":\"Home\",\"item\":\"https:\\\/\\\/pehrbrahe.fi\\\/\"},{\"@type\":\"ListItem\",\"position\":2,\"name\":\"Yhteystiedot\"}]},{\"@type\":\"WebSite\",\"@id\":\"https:\\\/\\\/pehrbrahe.fi\\\/#website\",\"url\":\"https:\\\/\\\/pehrbrahe.fi\\\/\",\"name\":\"Pehr Brahen s\u00e4\u00e4ti\u00f6 sr\",\"description\":\"\",\"publisher\":{\"@id\":\"https:\\\/\\\/pehrbrahe.fi\\\/#organization\"},\"potentialAction\":[{\"@type\":\"SearchAction\",\"target\":{\"@type\":\"EntryPoint\",\"urlTemplate\":\"https:\\\/\\\/pehrbrahe.fi\\\/?s={search_term_string}\"},\"query-input\":{\"@type\":\"PropertyValueSpecification\",\"valueRequired\":true,\"valueName\":\"search_term_string\"}}],\"inLanguage\":\"en-US\"},{\"@type\":\"Organization\",\"@id\":\"https:\\\/\\\/pehrbrahe.fi\\\/#organization\",\"name\":\"Pehr Brahen s\u00e4\u00e4ti\u00f6 sr\",\"url\":\"https:\\\/\\\/pehrbrahe.fi\\\/\",\"logo\":{\"@type\":\"ImageObject\",\"inLanguage\":\"en-US\",\"@id\":\"https:\\\/\\\/pehrbrahe.fi\\\/#\\\/schema\\\/logo\\\/image\\\/\",\"url\":\"https:\\\/\\\/pehrbrahe.fi\\\/wp-content\\\/uploads\\\/2025\\\/05\\\/pehrbrahensaatio_tekstilla2.png\",\"contentUrl\":\"https:\\\/\\\/pehrbrahe.fi\\\/wp-content\\\/uploads\\\/2025\\\/05\\\/pehrbrahensaatio_tekstilla2.png\",\"width\":1705,\"height\":1768,\"caption\":\"Pehr Brahen s\u00e4\u00e4ti\u00f6 sr\"},\"image\":{\"@id\":\"https:\\\/\\\/pehrbrahe.fi\\\/#\\\/schema\\\/logo\\\/image\\\/\"}}]}<\/script>\n<!-- \/ Yoast SEO plugin. -->","yoast_head_json":{"title":"Yhteystiedot - Pehr Brahen s\u00e4\u00e4ti\u00f6 sr","robots":{"index":"index","follow":"follow","max-snippet":"max-snippet:-1","max-image-preview":"max-image-preview:large","max-video-preview":"max-video-preview:-1"},"canonical":"https:\/\/pehrbrahe.fi\/en\/yhteystiedot\/","og_locale":"en_US","og_type":"article","og_title":"Yhteystiedot - Pehr Brahen s\u00e4\u00e4ti\u00f6 sr","og_description":"Yhteystiedot Asiainhoitaja Tuija Nurkkala info@pehrbrahe.fi p. 0400 252 138\u00a0 Tervahovinkatu 2, 92150 Raahe Hallituksen puheenjohtaja Aki Per\u00e4l\u00e4 &nbsp;ALTEN Finland Oy p. 040 732 5085 aki.perala@alten.fi Valtuuskunnan puheenjohtaja Ville Isoherranen p. 040 457 0858 ville.isoherranen@outlook.com YhteydenottolomakePlease enable JavaScript in your browser to complete this form.Nimi *S\u00e4hk\u00f6postiosoite *Aihe *Viesti *Email L\u00e4het\u00e4","og_url":"https:\/\/pehrbrahe.fi\/en\/yhteystiedot\/","og_site_name":"Pehr Brahen s\u00e4\u00e4ti\u00f6 sr","article_modified_time":"2025-05-21T18:21:36+00:00","og_image":[{"url":"https:\/\/pehrbrahe.fi\/wp-content\/uploads\/2025\/05\/pehrbrahensaatio_tekstilla2-60x62.png","type":"","width":"","height":""}],"twitter_card":"summary_large_image","twitter_misc":{"Est. reading time":"1 minute"},"schema":{"@context":"https:\/\/schema.org","@graph":[{"@type":"WebPage","@id":"https:\/\/pehrbrahe.fi\/yhteystiedot\/","url":"https:\/\/pehrbrahe.fi\/yhteystiedot\/","name":"Yhteystiedot - Pehr Brahen s\u00e4\u00e4ti\u00f6 sr","isPartOf":{"@id":"https:\/\/pehrbrahe.fi\/#website"},"primaryImageOfPage":{"@id":"https:\/\/pehrbrahe.fi\/yhteystiedot\/#primaryimage"},"image":{"@id":"https:\/\/pehrbrahe.fi\/yhteystiedot\/#primaryimage"},"thumbnailUrl":"https:\/\/pehrbrahe.fi\/wp-content\/uploads\/2025\/05\/pehrbrahensaatio_tekstilla2-60x62.png","datePublished":"2022-02-24T14:02:58+00:00","dateModified":"2025-05-21T18:21:36+00:00","breadcrumb":{"@id":"https:\/\/pehrbrahe.fi\/yhteystiedot\/#breadcrumb"},"inLanguage":"en-US","potentialAction":[{"@type":"ReadAction","target":["https:\/\/pehrbrahe.fi\/yhteystiedot\/"]}]},{"@type":"ImageObject","inLanguage":"en-US","@id":"https:\/\/pehrbrahe.fi\/yhteystiedot\/#primaryimage","url":"https:\/\/pehrbrahe.fi\/wp-content\/uploads\/2025\/05\/pehrbrahensaatio_tekstilla2-60x62.png","contentUrl":"https:\/\/pehrbrahe.fi\/wp-content\/uploads\/2025\/05\/pehrbrahensaatio_tekstilla2-60x62.png"},{"@type":"BreadcrumbList","@id":"https:\/\/pehrbrahe.fi\/yhteystiedot\/#breadcrumb","itemListElement":[{"@type":"ListItem","position":1,"name":"Home","item":"https:\/\/pehrbrahe.fi\/"},{"@type":"ListItem","position":2,"name":"Yhteystiedot"}]},{"@type":"WebSite","@id":"https:\/\/pehrbrahe.fi\/#website","url":"https:\/\/pehrbrahe.fi\/","name":"Pehr Brahen s\u00e4\u00e4ti\u00f6 sr","description":"","publisher":{"@id":"https:\/\/pehrbrahe.fi\/#organization"},"potentialAction":[{"@type":"SearchAction","target":{"@type":"EntryPoint","urlTemplate":"https:\/\/pehrbrahe.fi\/?s={search_term_string}"},"query-input":{"@type":"PropertyValueSpecification","valueRequired":true,"valueName":"search_term_string"}}],"inLanguage":"en-US"},{"@type":"Organization","@id":"https:\/\/pehrbrahe.fi\/#organization","name":"Pehr Brahen s\u00e4\u00e4ti\u00f6 sr","url":"https:\/\/pehrbrahe.fi\/","logo":{"@type":"ImageObject","inLanguage":"en-US","@id":"https:\/\/pehrbrahe.fi\/#\/schema\/logo\/image\/","url":"https:\/\/pehrbrahe.fi\/wp-content\/uploads\/2025\/05\/pehrbrahensaatio_tekstilla2.png","contentUrl":"https:\/\/pehrbrahe.fi\/wp-content\/uploads\/2025\/05\/pehrbrahensaatio_tekstilla2.png","width":1705,"height":1768,"caption":"Pehr Brahen s\u00e4\u00e4ti\u00f6 sr"},"image":{"@id":"https:\/\/pehrbrahe.fi\/#\/schema\/logo\/image\/"}}]}},"_links":{"self":[{"href":"https:\/\/pehrbrahe.fi\/en\/wp-json\/wp\/v2\/pages\/1466","targetHints":{"allow":["GET"]}}],"collection":[{"href":"https:\/\/pehrbrahe.fi\/en\/wp-json\/wp\/v2\/pages"}],"about":[{"href":"https:\/\/pehrbrahe.fi\/en\/wp-json\/wp\/v2\/types\/page"}],"author":[{"embeddable":true,"href":"https:\/\/pehrbrahe.fi\/en\/wp-json\/wp\/v2\/users\/1"}],"replies":[{"embeddable":true,"href":"https:\/\/pehrbrahe.fi\/en\/wp-json\/wp\/v2\/comments?post=1466"}],"version-history":[{"count":168,"href":"https:\/\/pehrbrahe.fi\/en\/wp-json\/wp\/v2\/pages\/1466\/revisions"}],"predecessor-version":[{"id":2708,"href":"https:\/\/pehrbrahe.fi\/en\/wp-json\/wp\/v2\/pages\/1466\/revisions\/2708"}],"wp:attachment":[{"href":"https:\/\/pehrbrahe.fi\/en\/wp-json\/wp\/v2\/media?parent=1466"}],"curies":[{"name":"wp","href":"https:\/\/api.w.org\/{rel}","templated":true}]}}