{"id":1465,"date":"2022-02-24T14:02:58","date_gmt":"2022-02-24T14:02:58","guid":{"rendered":"https:\/\/pehrbrahe.fi\/uusi\/?page_id=1465"},"modified":"2025-11-12T14:20:03","modified_gmt":"2025-11-12T12:20:03","slug":"saation-hallitus-2","status":"publish","type":"page","link":"https:\/\/pehrbrahe.fi\/en\/saation-hallitus-2\/","title":{"rendered":"Board of the Foundation"},"content":{"rendered":"<div data-elementor-type=\"wp-page\" data-elementor-id=\"1465\" class=\"elementor elementor-1465\">\n\t\t\t\t\t\t<section class=\"elementor-section elementor-top-section elementor-element elementor-element-6019076 elementor-section-height-min-height elementor-section-boxed elementor-section-height-default elementor-section-items-middle wpr-particle-no wpr-jarallax-no wpr-parallax-no wpr-sticky-section-no wpr-column-slider-no wpr-equal-height-no elementor-invisible\" data-id=\"6019076\" data-element_type=\"section\" data-e-type=\"section\" data-settings=\"{&quot;background_background&quot;:&quot;classic&quot;,&quot;animation&quot;:&quot;fadeIn&quot;}\">\n\t\t\t\t\t\t<div class=\"elementor-container elementor-column-gap-default\">\n\t\t\t\t\t<div class=\"elementor-column elementor-col-100 elementor-top-column elementor-element elementor-element-1c0baa0\" data-id=\"1c0baa0\" data-element_type=\"column\" data-e-type=\"column\">\n\t\t\t<div class=\"elementor-widget-wrap\">\n\t\t\t\t\t\t\t<\/div>\n\t\t<\/div>\n\t\t\t\t\t<\/div>\n\t\t<\/section>\n\t\t\t\t<section class=\"elementor-section elementor-top-section elementor-element elementor-element-74d657d elementor-section-boxed elementor-section-height-default elementor-section-height-default wpr-particle-no wpr-jarallax-no wpr-parallax-no wpr-sticky-section-no wpr-column-slider-no wpr-equal-height-no\" data-id=\"74d657d\" data-element_type=\"section\" data-e-type=\"section\">\n\t\t\t\t\t\t<div class=\"elementor-container elementor-column-gap-default\">\n\t\t\t\t\t<div class=\"elementor-column elementor-col-100 elementor-top-column elementor-element elementor-element-1059860\" data-id=\"1059860\" data-element_type=\"column\" data-e-type=\"column\">\n\t\t\t<div class=\"elementor-widget-wrap elementor-element-populated\">\n\t\t\t\t\t\t<div class=\"elementor-element elementor-element-6c67334 elementor-widget elementor-widget-spacer\" data-id=\"6c67334\" data-element_type=\"widget\" data-e-type=\"widget\" data-widget_type=\"spacer.default\">\n\t\t\t\t<div class=\"elementor-widget-container\">\n\t\t\t\t\t\t\t<div class=\"elementor-spacer\">\n\t\t\t<div class=\"elementor-spacer-inner\"><\/div>\n\t\t<\/div>\n\t\t\t\t\t\t<\/div>\n\t\t\t\t<\/div>\n\t\t\t\t\t<\/div>\n\t\t<\/div>\n\t\t\t\t\t<\/div>\n\t\t<\/section>\n\t\t\t\t<section class=\"elementor-section elementor-top-section elementor-element elementor-element-d3d4f97 elementor-section-boxed elementor-section-height-default elementor-section-height-default wpr-particle-no wpr-jarallax-no wpr-parallax-no wpr-sticky-section-no wpr-column-slider-no wpr-equal-height-no\" data-id=\"d3d4f97\" data-element_type=\"section\" data-e-type=\"section\">\n\t\t\t\t\t\t<div class=\"elementor-container elementor-column-gap-default\">\n\t\t\t\t\t<div class=\"elementor-column elementor-col-100 elementor-top-column elementor-element elementor-element-be9800a\" data-id=\"be9800a\" data-element_type=\"column\" data-e-type=\"column\">\n\t\t\t<div class=\"elementor-widget-wrap elementor-element-populated\">\n\t\t\t\t\t\t<div class=\"elementor-element elementor-element-b770305 elementor-invisible elementor-widget elementor-widget-heading\" data-id=\"b770305\" data-element_type=\"widget\" data-e-type=\"widget\" data-settings=\"{&quot;_animation&quot;:&quot;fadeIn&quot;}\" data-widget_type=\"heading.default\">\n\t\t\t\t<div class=\"elementor-widget-container\">\n\t\t\t\t\t<h1 class=\"elementor-heading-title elementor-size-default\">Board of the Foundation<\/h1>\t\t\t\t<\/div>\n\t\t\t\t<\/div>\n\t\t\t\t\t<\/div>\n\t\t<\/div>\n\t\t\t\t\t<\/div>\n\t\t<\/section>\n\t\t\t\t<section class=\"elementor-section elementor-top-section elementor-element elementor-element-7e352a1 elementor-section-boxed elementor-section-height-default elementor-section-height-default wpr-particle-no wpr-jarallax-no wpr-parallax-no wpr-sticky-section-no wpr-column-slider-no wpr-equal-height-no\" data-id=\"7e352a1\" data-element_type=\"section\" data-e-type=\"section\">\n\t\t\t\t\t\t<div class=\"elementor-container elementor-column-gap-default\">\n\t\t\t\t\t<div class=\"elementor-column elementor-col-100 elementor-top-column elementor-element elementor-element-f35a443\" data-id=\"f35a443\" data-element_type=\"column\" data-e-type=\"column\">\n\t\t\t<div class=\"elementor-widget-wrap elementor-element-populated\">\n\t\t\t\t\t\t<div class=\"elementor-element elementor-element-e7a20be elementor-widget elementor-widget-spacer\" data-id=\"e7a20be\" data-element_type=\"widget\" data-e-type=\"widget\" data-widget_type=\"spacer.default\">\n\t\t\t\t<div class=\"elementor-widget-container\">\n\t\t\t\t\t\t\t<div class=\"elementor-spacer\">\n\t\t\t<div class=\"elementor-spacer-inner\"><\/div>\n\t\t<\/div>\n\t\t\t\t\t\t<\/div>\n\t\t\t\t<\/div>\n\t\t\t\t<div class=\"elementor-element elementor-element-0f7e945 elementor-widget elementor-widget-text-editor\" data-id=\"0f7e945\" data-element_type=\"widget\" data-e-type=\"widget\" data-widget_type=\"text-editor.default\">\n\t\t\t\t<div class=\"elementor-widget-container\">\n\t\t\t\t\t\t\t\t\t<p><strong>Aki Per\u00e4l\u00e4, Chair<\/strong><\/p><p>ALTEN Finland Oy<\/p><p><strong>Marika Koivisto<\/strong><\/p><p>SSAB Europe Oy<\/p><p><strong>Jaana Ritola<\/strong><\/p><p>Brahe Education Centre<\/p><p><strong>Marko Paloniemi<\/strong><\/p><p>Woodcomp Oy<\/p>\t\t\t\t\t\t\t\t<\/div>\n\t\t\t\t<\/div>\n\t\t\t\t<div class=\"elementor-element elementor-element-6ade5b8 elementor-widget elementor-widget-spacer\" data-id=\"6ade5b8\" data-element_type=\"widget\" data-e-type=\"widget\" data-widget_type=\"spacer.default\">\n\t\t\t\t<div class=\"elementor-widget-container\">\n\t\t\t\t\t\t\t<div class=\"elementor-spacer\">\n\t\t\t<div class=\"elementor-spacer-inner\"><\/div>\n\t\t<\/div>\n\t\t\t\t\t\t<\/div>\n\t\t\t\t<\/div>\n\t\t\t\t\t<\/div>\n\t\t<\/div>\n\t\t\t\t\t<\/div>\n\t\t<\/section>\n\t\t\t\t<section class=\"elementor-section elementor-top-section elementor-element elementor-element-eddf6bd elementor-section-full_width elementor-section-height-min-height elementor-section-height-default elementor-section-items-middle wpr-particle-no wpr-jarallax-no wpr-parallax-no wpr-sticky-section-no wpr-column-slider-no wpr-equal-height-no\" data-id=\"eddf6bd\" data-element_type=\"section\" data-e-type=\"section\" data-settings=\"{&quot;background_background&quot;:&quot;classic&quot;}\">\n\t\t\t\t\t\t<div class=\"elementor-container elementor-column-gap-default\">\n\t\t\t\t\t<div class=\"elementor-column elementor-col-100 elementor-top-column elementor-element elementor-element-606f729\" data-id=\"606f729\" data-element_type=\"column\" data-e-type=\"column\">\n\t\t\t<div class=\"elementor-widget-wrap elementor-element-populated\">\n\t\t\t\t\t\t<div class=\"elementor-element elementor-element-961b001 elementor-widget elementor-widget-image\" data-id=\"961b001\" data-element_type=\"widget\" data-e-type=\"widget\" data-widget_type=\"image.default\">\n\t\t\t\t<div class=\"elementor-widget-container\">\n\t\t\t\t\t\t\t\t\t\t\t\t\t\t\t<img fetchpriority=\"high\" decoding=\"async\" width=\"988\" height=\"1024\" src=\"https:\/\/pehrbrahe.fi\/wp-content\/uploads\/2025\/05\/pehrbrahensaatio_tekstilla2-60x62.png\" class=\"attachment-large size-large wp-image-2489\" alt=\"\" srcset=\"https:\/\/pehrbrahe.fi\/wp-content\/uploads\/2025\/05\/pehrbrahensaatio_tekstilla2-988x1024.png 988w, https:\/\/pehrbrahe.fi\/wp-content\/uploads\/2025\/05\/pehrbrahensaatio_tekstilla2-289x300.png 289w, https:\/\/pehrbrahe.fi\/wp-content\/uploads\/2025\/05\/pehrbrahensaatio_tekstilla2-768x796.png 768w, https:\/\/pehrbrahe.fi\/wp-content\/uploads\/2025\/05\/pehrbrahensaatio_tekstilla2-1481x1536.png 1481w, https:\/\/pehrbrahe.fi\/wp-content\/uploads\/2025\/05\/pehrbrahensaatio_tekstilla2-12x12.png 12w, https:\/\/pehrbrahe.fi\/wp-content\/uploads\/2025\/05\/pehrbrahensaatio_tekstilla2-60x62.png 60w, https:\/\/pehrbrahe.fi\/wp-content\/uploads\/2025\/05\/pehrbrahensaatio_tekstilla2.png 1705w\" sizes=\"(max-width: 988px) 100vw, 988px\" \/>\t\t\t\t\t\t\t\t\t\t\t\t\t\t\t<\/div>\n\t\t\t\t<\/div>\n\t\t\t\t\t<\/div>\n\t\t<\/div>\n\t\t\t\t\t<\/div>\n\t\t<\/section>\n\t\t\t\t<\/div>","protected":false},"excerpt":{"rendered":"<p>S\u00e4\u00e4ti\u00f6n hallitus Aki Per\u00e4l\u00e4 pj ALTEN Finland Oy Marika Koivisto SSAB Europe Oy Jaana Ritola Koulutuskuntayhtym\u00e4 Brahe Marko Paloniemi Woodcomp Oy<\/p>","protected":false},"author":1,"featured_media":0,"parent":0,"menu_order":0,"comment_status":"closed","ping_status":"closed","template":"","meta":{"site-sidebar-layout":"no-sidebar","site-content-layout":"page-builder","ast-site-content-layout":"full-width-container","site-content-style":"unboxed","site-sidebar-style":"unboxed","ast-global-header-display":"","ast-banner-title-visibility":"","ast-main-header-display":"","ast-hfb-above-header-display":"","ast-hfb-below-header-display":"","ast-hfb-mobile-header-display":"","site-post-title":"disabled","ast-breadcrumbs-content":"","ast-featured-img":"disabled","footer-sml-layout":"","ast-disable-related-posts":"","theme-transparent-header-meta":"","adv-header-id-meta":"","stick-header-meta":"","header-above-stick-meta":"","header-main-stick-meta":"","header-below-stick-meta":"","astra-migrate-meta-layouts":"set","ast-page-background-enabled":"default","ast-page-background-meta":{"desktop":{"background-color":"var(--ast-global-color-4)","background-image":"","background-repeat":"repeat","background-position":"center center","background-size":"auto","background-attachment":"scroll","background-type":"","background-media":"","overlay-type":"","overlay-color":"","overlay-opacity":"","overlay-gradient":""},"tablet":{"background-color":"","background-image":"","background-repeat":"repeat","background-position":"center center","background-size":"auto","background-attachment":"scroll","background-type":"","background-media":"","overlay-type":"","overlay-color":"","overlay-opacity":"","overlay-gradient":""},"mobile":{"background-color":"","background-image":"","background-repeat":"repeat","background-position":"center center","background-size":"auto","background-attachment":"scroll","background-type":"","background-media":"","overlay-type":"","overlay-color":"","overlay-opacity":"","overlay-gradient":""}},"ast-content-background-meta":{"desktop":{"background-color":"var(--ast-global-color-5)","background-image":"","background-repeat":"repeat","background-position":"center center","background-size":"auto","background-attachment":"scroll","background-type":"","background-media":"","overlay-type":"","overlay-color":"","overlay-opacity":"","overlay-gradient":""},"tablet":{"background-color":"var(--ast-global-color-5)","background-image":"","background-repeat":"repeat","background-position":"center center","background-size":"auto","background-attachment":"scroll","background-type":"","background-media":"","overlay-type":"","overlay-color":"","overlay-opacity":"","overlay-gradient":""},"mobile":{"background-color":"var(--ast-global-color-5)","background-image":"","background-repeat":"repeat","background-position":"center center","background-size":"auto","background-attachment":"scroll","background-type":"","background-media":"","overlay-type":"","overlay-color":"","overlay-opacity":"","overlay-gradient":""}},"footnotes":""},"class_list":["post-1465","page","type-page","status-publish","hentry"],"yoast_head":"<!-- This site is optimized with the Yoast SEO plugin v27.6 - https:\/\/yoast.com\/product\/yoast-seo-wordpress\/ -->\n<title>S\u00e4\u00e4ti\u00f6n hallitus Pehr Brahen s\u00e4\u00e4ti\u00f6 sr<\/title>\n<meta name=\"description\" content=\"Tutustu Pehr Brahen s\u00e4\u00e4ti\u00f6n hallitukseen, joka koostuu Raahen alueen elinkeinoel\u00e4m\u00e4n, koulutuksen ja julkisen sektorin asiantuntijoista. Hallitus ohjaa s\u00e4\u00e4ti\u00f6n toimintaa ja tukee alueen kehityst\u00e4.\" \/>\n<meta name=\"robots\" content=\"index, follow, max-snippet:-1, max-image-preview:large, max-video-preview:-1\" \/>\n<link rel=\"canonical\" href=\"https:\/\/pehrbrahe.fi\/en\/saation-hallitus-2\/\" \/>\n<meta property=\"og:locale\" content=\"en_US\" \/>\n<meta property=\"og:type\" content=\"article\" \/>\n<meta property=\"og:title\" content=\"S\u00e4\u00e4ti\u00f6n hallitus Pehr Brahen s\u00e4\u00e4ti\u00f6 sr\" \/>\n<meta property=\"og:description\" content=\"Tutustu Pehr Brahen s\u00e4\u00e4ti\u00f6n hallitukseen, joka koostuu Raahen alueen elinkeinoel\u00e4m\u00e4n, koulutuksen ja julkisen sektorin asiantuntijoista. Hallitus ohjaa s\u00e4\u00e4ti\u00f6n toimintaa ja tukee alueen kehityst\u00e4.\" \/>\n<meta property=\"og:url\" content=\"https:\/\/pehrbrahe.fi\/en\/saation-hallitus-2\/\" \/>\n<meta property=\"og:site_name\" content=\"Pehr Brahen s\u00e4\u00e4ti\u00f6 sr\" \/>\n<meta property=\"article:modified_time\" content=\"2025-11-12T12:20:03+00:00\" \/>\n<meta property=\"og:image\" content=\"https:\/\/pehrbrahe.fi\/wp-content\/uploads\/2025\/05\/pehrbrahensaatio_tekstilla2.png\" \/>\n\t<meta property=\"og:image:width\" content=\"1705\" \/>\n\t<meta property=\"og:image:height\" content=\"1768\" \/>\n\t<meta property=\"og:image:type\" content=\"image\/png\" \/>\n<meta name=\"twitter:card\" content=\"summary_large_image\" \/>\n<meta name=\"twitter:label1\" content=\"Est. reading time\" \/>\n\t<meta name=\"twitter:data1\" content=\"1 minute\" \/>\n<script type=\"application\/ld+json\" class=\"yoast-schema-graph\">{\"@context\":\"https:\\\/\\\/schema.org\",\"@graph\":[{\"@type\":\"WebPage\",\"@id\":\"https:\\\/\\\/pehrbrahe.fi\\\/saation-hallitus-2\\\/\",\"url\":\"https:\\\/\\\/pehrbrahe.fi\\\/saation-hallitus-2\\\/\",\"name\":\"S\u00e4\u00e4ti\u00f6n hallitus Pehr Brahen s\u00e4\u00e4ti\u00f6 sr\",\"isPartOf\":{\"@id\":\"https:\\\/\\\/pehrbrahe.fi\\\/#website\"},\"primaryImageOfPage\":{\"@id\":\"https:\\\/\\\/pehrbrahe.fi\\\/saation-hallitus-2\\\/#primaryimage\"},\"image\":{\"@id\":\"https:\\\/\\\/pehrbrahe.fi\\\/saation-hallitus-2\\\/#primaryimage\"},\"thumbnailUrl\":\"https:\\\/\\\/pehrbrahe.fi\\\/wp-content\\\/uploads\\\/2025\\\/05\\\/pehrbrahensaatio_tekstilla2-60x62.png\",\"datePublished\":\"2022-02-24T14:02:58+00:00\",\"dateModified\":\"2025-11-12T12:20:03+00:00\",\"description\":\"Tutustu Pehr Brahen s\u00e4\u00e4ti\u00f6n hallitukseen, joka koostuu Raahen alueen elinkeinoel\u00e4m\u00e4n, koulutuksen ja julkisen sektorin asiantuntijoista. Hallitus ohjaa s\u00e4\u00e4ti\u00f6n toimintaa ja tukee alueen kehityst\u00e4.\",\"breadcrumb\":{\"@id\":\"https:\\\/\\\/pehrbrahe.fi\\\/saation-hallitus-2\\\/#breadcrumb\"},\"inLanguage\":\"en-US\",\"potentialAction\":[{\"@type\":\"ReadAction\",\"target\":[\"https:\\\/\\\/pehrbrahe.fi\\\/saation-hallitus-2\\\/\"]}]},{\"@type\":\"ImageObject\",\"inLanguage\":\"en-US\",\"@id\":\"https:\\\/\\\/pehrbrahe.fi\\\/saation-hallitus-2\\\/#primaryimage\",\"url\":\"https:\\\/\\\/pehrbrahe.fi\\\/wp-content\\\/uploads\\\/2025\\\/05\\\/pehrbrahensaatio_tekstilla2-60x62.png\",\"contentUrl\":\"https:\\\/\\\/pehrbrahe.fi\\\/wp-content\\\/uploads\\\/2025\\\/05\\\/pehrbrahensaatio_tekstilla2-60x62.png\"},{\"@type\":\"BreadcrumbList\",\"@id\":\"https:\\\/\\\/pehrbrahe.fi\\\/saation-hallitus-2\\\/#breadcrumb\",\"itemListElement\":[{\"@type\":\"ListItem\",\"position\":1,\"name\":\"Home\",\"item\":\"https:\\\/\\\/pehrbrahe.fi\\\/\"},{\"@type\":\"ListItem\",\"position\":2,\"name\":\"S\u00e4\u00e4ti\u00f6n hallitus\"}]},{\"@type\":\"WebSite\",\"@id\":\"https:\\\/\\\/pehrbrahe.fi\\\/#website\",\"url\":\"https:\\\/\\\/pehrbrahe.fi\\\/\",\"name\":\"Pehr Brahen s\u00e4\u00e4ti\u00f6 sr\",\"description\":\"\",\"publisher\":{\"@id\":\"https:\\\/\\\/pehrbrahe.fi\\\/#organization\"},\"potentialAction\":[{\"@type\":\"SearchAction\",\"target\":{\"@type\":\"EntryPoint\",\"urlTemplate\":\"https:\\\/\\\/pehrbrahe.fi\\\/?s={search_term_string}\"},\"query-input\":{\"@type\":\"PropertyValueSpecification\",\"valueRequired\":true,\"valueName\":\"search_term_string\"}}],\"inLanguage\":\"en-US\"},{\"@type\":\"Organization\",\"@id\":\"https:\\\/\\\/pehrbrahe.fi\\\/#organization\",\"name\":\"Pehr Brahen s\u00e4\u00e4ti\u00f6 sr\",\"url\":\"https:\\\/\\\/pehrbrahe.fi\\\/\",\"logo\":{\"@type\":\"ImageObject\",\"inLanguage\":\"en-US\",\"@id\":\"https:\\\/\\\/pehrbrahe.fi\\\/#\\\/schema\\\/logo\\\/image\\\/\",\"url\":\"https:\\\/\\\/pehrbrahe.fi\\\/wp-content\\\/uploads\\\/2025\\\/05\\\/pehrbrahensaatio_tekstilla2.png\",\"contentUrl\":\"https:\\\/\\\/pehrbrahe.fi\\\/wp-content\\\/uploads\\\/2025\\\/05\\\/pehrbrahensaatio_tekstilla2.png\",\"width\":1705,\"height\":1768,\"caption\":\"Pehr Brahen s\u00e4\u00e4ti\u00f6 sr\"},\"image\":{\"@id\":\"https:\\\/\\\/pehrbrahe.fi\\\/#\\\/schema\\\/logo\\\/image\\\/\"}}]}<\/script>\n<!-- \/ Yoast SEO plugin. -->","yoast_head_json":{"title":"S\u00e4\u00e4ti\u00f6n hallitus Pehr Brahen s\u00e4\u00e4ti\u00f6 sr","description":"Tutustu Pehr Brahen s\u00e4\u00e4ti\u00f6n hallitukseen, joka koostuu Raahen alueen elinkeinoel\u00e4m\u00e4n, koulutuksen ja julkisen sektorin asiantuntijoista. Hallitus ohjaa s\u00e4\u00e4ti\u00f6n toimintaa ja tukee alueen kehityst\u00e4.","robots":{"index":"index","follow":"follow","max-snippet":"max-snippet:-1","max-image-preview":"max-image-preview:large","max-video-preview":"max-video-preview:-1"},"canonical":"https:\/\/pehrbrahe.fi\/en\/saation-hallitus-2\/","og_locale":"en_US","og_type":"article","og_title":"S\u00e4\u00e4ti\u00f6n hallitus Pehr Brahen s\u00e4\u00e4ti\u00f6 sr","og_description":"Tutustu Pehr Brahen s\u00e4\u00e4ti\u00f6n hallitukseen, joka koostuu Raahen alueen elinkeinoel\u00e4m\u00e4n, koulutuksen ja julkisen sektorin asiantuntijoista. Hallitus ohjaa s\u00e4\u00e4ti\u00f6n toimintaa ja tukee alueen kehityst\u00e4.","og_url":"https:\/\/pehrbrahe.fi\/en\/saation-hallitus-2\/","og_site_name":"Pehr Brahen s\u00e4\u00e4ti\u00f6 sr","article_modified_time":"2025-11-12T12:20:03+00:00","og_image":[{"width":1705,"height":1768,"url":"https:\/\/pehrbrahe.fi\/wp-content\/uploads\/2025\/05\/pehrbrahensaatio_tekstilla2.png","type":"image\/png"}],"twitter_card":"summary_large_image","twitter_misc":{"Est. reading time":"1 minute"},"schema":{"@context":"https:\/\/schema.org","@graph":[{"@type":"WebPage","@id":"https:\/\/pehrbrahe.fi\/saation-hallitus-2\/","url":"https:\/\/pehrbrahe.fi\/saation-hallitus-2\/","name":"S\u00e4\u00e4ti\u00f6n hallitus Pehr Brahen s\u00e4\u00e4ti\u00f6 sr","isPartOf":{"@id":"https:\/\/pehrbrahe.fi\/#website"},"primaryImageOfPage":{"@id":"https:\/\/pehrbrahe.fi\/saation-hallitus-2\/#primaryimage"},"image":{"@id":"https:\/\/pehrbrahe.fi\/saation-hallitus-2\/#primaryimage"},"thumbnailUrl":"https:\/\/pehrbrahe.fi\/wp-content\/uploads\/2025\/05\/pehrbrahensaatio_tekstilla2-60x62.png","datePublished":"2022-02-24T14:02:58+00:00","dateModified":"2025-11-12T12:20:03+00:00","description":"Tutustu Pehr Brahen s\u00e4\u00e4ti\u00f6n hallitukseen, joka koostuu Raahen alueen elinkeinoel\u00e4m\u00e4n, koulutuksen ja julkisen sektorin asiantuntijoista. Hallitus ohjaa s\u00e4\u00e4ti\u00f6n toimintaa ja tukee alueen kehityst\u00e4.","breadcrumb":{"@id":"https:\/\/pehrbrahe.fi\/saation-hallitus-2\/#breadcrumb"},"inLanguage":"en-US","potentialAction":[{"@type":"ReadAction","target":["https:\/\/pehrbrahe.fi\/saation-hallitus-2\/"]}]},{"@type":"ImageObject","inLanguage":"en-US","@id":"https:\/\/pehrbrahe.fi\/saation-hallitus-2\/#primaryimage","url":"https:\/\/pehrbrahe.fi\/wp-content\/uploads\/2025\/05\/pehrbrahensaatio_tekstilla2-60x62.png","contentUrl":"https:\/\/pehrbrahe.fi\/wp-content\/uploads\/2025\/05\/pehrbrahensaatio_tekstilla2-60x62.png"},{"@type":"BreadcrumbList","@id":"https:\/\/pehrbrahe.fi\/saation-hallitus-2\/#breadcrumb","itemListElement":[{"@type":"ListItem","position":1,"name":"Home","item":"https:\/\/pehrbrahe.fi\/"},{"@type":"ListItem","position":2,"name":"S\u00e4\u00e4ti\u00f6n hallitus"}]},{"@type":"WebSite","@id":"https:\/\/pehrbrahe.fi\/#website","url":"https:\/\/pehrbrahe.fi\/","name":"Pehr Brahen s\u00e4\u00e4ti\u00f6 sr","description":"","publisher":{"@id":"https:\/\/pehrbrahe.fi\/#organization"},"potentialAction":[{"@type":"SearchAction","target":{"@type":"EntryPoint","urlTemplate":"https:\/\/pehrbrahe.fi\/?s={search_term_string}"},"query-input":{"@type":"PropertyValueSpecification","valueRequired":true,"valueName":"search_term_string"}}],"inLanguage":"en-US"},{"@type":"Organization","@id":"https:\/\/pehrbrahe.fi\/#organization","name":"Pehr Brahen s\u00e4\u00e4ti\u00f6 sr","url":"https:\/\/pehrbrahe.fi\/","logo":{"@type":"ImageObject","inLanguage":"en-US","@id":"https:\/\/pehrbrahe.fi\/#\/schema\/logo\/image\/","url":"https:\/\/pehrbrahe.fi\/wp-content\/uploads\/2025\/05\/pehrbrahensaatio_tekstilla2.png","contentUrl":"https:\/\/pehrbrahe.fi\/wp-content\/uploads\/2025\/05\/pehrbrahensaatio_tekstilla2.png","width":1705,"height":1768,"caption":"Pehr Brahen s\u00e4\u00e4ti\u00f6 sr"},"image":{"@id":"https:\/\/pehrbrahe.fi\/#\/schema\/logo\/image\/"}}]}},"_links":{"self":[{"href":"https:\/\/pehrbrahe.fi\/en\/wp-json\/wp\/v2\/pages\/1465","targetHints":{"allow":["GET"]}}],"collection":[{"href":"https:\/\/pehrbrahe.fi\/en\/wp-json\/wp\/v2\/pages"}],"about":[{"href":"https:\/\/pehrbrahe.fi\/en\/wp-json\/wp\/v2\/types\/page"}],"author":[{"embeddable":true,"href":"https:\/\/pehrbrahe.fi\/en\/wp-json\/wp\/v2\/users\/1"}],"replies":[{"embeddable":true,"href":"https:\/\/pehrbrahe.fi\/en\/wp-json\/wp\/v2\/comments?post=1465"}],"version-history":[{"count":89,"href":"https:\/\/pehrbrahe.fi\/en\/wp-json\/wp\/v2\/pages\/1465\/revisions"}],"predecessor-version":[{"id":2779,"href":"https:\/\/pehrbrahe.fi\/en\/wp-json\/wp\/v2\/pages\/1465\/revisions\/2779"}],"wp:attachment":[{"href":"https:\/\/pehrbrahe.fi\/en\/wp-json\/wp\/v2\/media?parent=1465"}],"curies":[{"name":"wp","href":"https:\/\/api.w.org\/{rel}","templated":true}]}}