{"id":1448,"date":"2022-02-24T13:47:06","date_gmt":"2022-02-24T13:47:06","guid":{"rendered":"https:\/\/pehrbrahe.fi\/uusi\/?page_id=1448"},"modified":"2025-05-22T11:19:39","modified_gmt":"2025-05-22T08:19:39","slug":"saation-perustajajasenet","status":"publish","type":"page","link":"https:\/\/pehrbrahe.fi\/en\/saation-perustajajasenet\/","title":{"rendered":"Founding members of the Foundation"},"content":{"rendered":"<div data-elementor-type=\"wp-page\" data-elementor-id=\"1448\" class=\"elementor elementor-1448\">\n\t\t\t\t\t\t<section class=\"elementor-section elementor-top-section elementor-element elementor-element-f95fecd elementor-section-height-min-height elementor-section-boxed elementor-section-height-default elementor-section-items-middle wpr-particle-no wpr-jarallax-no wpr-parallax-no wpr-sticky-section-no wpr-equal-height-no elementor-invisible\" data-id=\"f95fecd\" data-element_type=\"section\" data-e-type=\"section\" data-settings=\"{&quot;background_background&quot;:&quot;classic&quot;,&quot;animation&quot;:&quot;fadeIn&quot;}\">\n\t\t\t\t\t\t<div class=\"elementor-container elementor-column-gap-default\">\n\t\t\t\t\t<div class=\"elementor-column elementor-col-100 elementor-top-column elementor-element elementor-element-b6da32f\" data-id=\"b6da32f\" data-element_type=\"column\" data-e-type=\"column\">\n\t\t\t<div class=\"elementor-widget-wrap\">\n\t\t\t\t\t\t\t<\/div>\n\t\t<\/div>\n\t\t\t\t\t<\/div>\n\t\t<\/section>\n\t\t\t\t<section class=\"elementor-section elementor-top-section elementor-element elementor-element-fc187ab elementor-section-boxed elementor-section-height-default elementor-section-height-default wpr-particle-no wpr-jarallax-no wpr-parallax-no wpr-sticky-section-no wpr-equal-height-no\" data-id=\"fc187ab\" data-element_type=\"section\" data-e-type=\"section\">\n\t\t\t\t\t\t<div class=\"elementor-container elementor-column-gap-default\">\n\t\t\t\t\t<div class=\"elementor-column elementor-col-100 elementor-top-column elementor-element elementor-element-5dd7fbe\" data-id=\"5dd7fbe\" data-element_type=\"column\" data-e-type=\"column\">\n\t\t\t<div class=\"elementor-widget-wrap elementor-element-populated\">\n\t\t\t\t\t\t<div class=\"elementor-element elementor-element-1faa2ec elementor-widget elementor-widget-spacer\" data-id=\"1faa2ec\" data-element_type=\"widget\" data-e-type=\"widget\" data-widget_type=\"spacer.default\">\n\t\t\t\t<div class=\"elementor-widget-container\">\n\t\t\t\t\t\t\t<div class=\"elementor-spacer\">\n\t\t\t<div class=\"elementor-spacer-inner\"><\/div>\n\t\t<\/div>\n\t\t\t\t\t\t<\/div>\n\t\t\t\t<\/div>\n\t\t\t\t\t<\/div>\n\t\t<\/div>\n\t\t\t\t\t<\/div>\n\t\t<\/section>\n\t\t\t\t<section class=\"elementor-section elementor-top-section elementor-element elementor-element-794d85c elementor-section-boxed elementor-section-height-default elementor-section-height-default wpr-particle-no wpr-jarallax-no wpr-parallax-no wpr-sticky-section-no wpr-equal-height-no\" data-id=\"794d85c\" data-element_type=\"section\" data-e-type=\"section\">\n\t\t\t\t\t\t<div class=\"elementor-container elementor-column-gap-default\">\n\t\t\t\t\t<div class=\"elementor-column elementor-col-100 elementor-top-column elementor-element elementor-element-ad6cd79\" data-id=\"ad6cd79\" data-element_type=\"column\" data-e-type=\"column\">\n\t\t\t<div class=\"elementor-widget-wrap elementor-element-populated\">\n\t\t\t\t\t\t<div class=\"elementor-element elementor-element-7ce2b57 elementor-invisible elementor-widget elementor-widget-heading\" data-id=\"7ce2b57\" data-element_type=\"widget\" data-e-type=\"widget\" data-settings=\"{&quot;_animation&quot;:&quot;fadeIn&quot;}\" data-widget_type=\"heading.default\">\n\t\t\t\t<div class=\"elementor-widget-container\">\n\t\t\t\t\t<h1 class=\"elementor-heading-title elementor-size-default\">Founding members<\/h1>\t\t\t\t<\/div>\n\t\t\t\t<\/div>\n\t\t\t\t<div class=\"elementor-element elementor-element-f7421b7 elementor-widget elementor-widget-spacer\" data-id=\"f7421b7\" data-element_type=\"widget\" data-e-type=\"widget\" data-widget_type=\"spacer.default\">\n\t\t\t\t<div class=\"elementor-widget-container\">\n\t\t\t\t\t\t\t<div class=\"elementor-spacer\">\n\t\t\t<div class=\"elementor-spacer-inner\"><\/div>\n\t\t<\/div>\n\t\t\t\t\t\t<\/div>\n\t\t\t\t<\/div>\n\t\t\t\t\t<\/div>\n\t\t<\/div>\n\t\t\t\t\t<\/div>\n\t\t<\/section>\n\t\t\t\t<section class=\"elementor-section elementor-top-section elementor-element elementor-element-057d596 elementor-section-boxed elementor-section-height-default elementor-section-height-default wpr-particle-no wpr-jarallax-no wpr-parallax-no wpr-sticky-section-no wpr-equal-height-no\" data-id=\"057d596\" data-element_type=\"section\" data-e-type=\"section\">\n\t\t\t\t\t\t<div class=\"elementor-container elementor-column-gap-default\">\n\t\t\t\t\t<div class=\"elementor-column elementor-col-100 elementor-top-column elementor-element elementor-element-4c4db26\" data-id=\"4c4db26\" data-element_type=\"column\" data-e-type=\"column\">\n\t\t\t<div class=\"elementor-widget-wrap elementor-element-populated\">\n\t\t\t\t\t\t<div class=\"elementor-element elementor-element-8eb1943 elementor-invisible elementor-widget elementor-widget-text-editor\" data-id=\"8eb1943\" data-element_type=\"widget\" data-e-type=\"widget\" data-settings=\"{&quot;_animation&quot;:&quot;fadeIn&quot;}\" data-widget_type=\"text-editor.default\">\n\t\t\t\t<div class=\"elementor-widget-container\">\n\t\t\t\t\t\t\t\t\t<p>Oulun Ammattikorkeakoulu Oy<\/p><p>\u00a0<\/p><p>Raahen kaupunki<\/p><p>\u00a0<\/p><p>Raahe Bourgeois and School of Commerce<\/p><p>\u00a0<\/p><p>Oy Nokia Ab<\/p><p>\u00a0<\/p><p>Pohjanmaan Puhelinosuuskunta (Osuuskunta PPO)\u00a0<\/p><p>\u00a0<\/p><p>PKC Electronics Oy<\/p><p>\u00a0<\/p><p>Raahen sairaala<\/p><p>\u00a0<\/p><p>Raahen seudun kehitys<\/p><p>\u00a0<\/p><p>RaaheTechOy\/Softpolis Oy (Raahepolis Oy)\u00a0<\/p><p>\u00a0<\/p><p>Raahen Seudun Osuuspankki\u00a0<\/p><p>\u00a0<\/p><p>Raahen Teknillinen Seura ry.<\/p><p>\u00a0<\/p><p>Raahen Nuorkauppakamari ry.<\/p><p>\u00a0<\/p><p>Raahen Seudun Yritt\u00e4j\u00e4t ry.\u00a0<\/p><p>\u00a0<\/p><p>Raahen Kauppakamariosasto<\/p>\t\t\t\t\t\t\t\t<\/div>\n\t\t\t\t<\/div>\n\t\t\t\t<div class=\"elementor-element elementor-element-5bcb32f elementor-widget elementor-widget-spacer\" data-id=\"5bcb32f\" data-element_type=\"widget\" data-e-type=\"widget\" data-widget_type=\"spacer.default\">\n\t\t\t\t<div class=\"elementor-widget-container\">\n\t\t\t\t\t\t\t<div class=\"elementor-spacer\">\n\t\t\t<div class=\"elementor-spacer-inner\"><\/div>\n\t\t<\/div>\n\t\t\t\t\t\t<\/div>\n\t\t\t\t<\/div>\n\t\t\t\t\t<\/div>\n\t\t<\/div>\n\t\t\t\t\t<\/div>\n\t\t<\/section>\n\t\t\t\t<section class=\"elementor-section elementor-top-section elementor-element elementor-element-145f997 elementor-section-full_width elementor-section-height-min-height elementor-section-height-default elementor-section-items-middle wpr-particle-no wpr-jarallax-no wpr-parallax-no wpr-sticky-section-no wpr-equal-height-no\" data-id=\"145f997\" data-element_type=\"section\" data-e-type=\"section\" data-settings=\"{&quot;background_background&quot;:&quot;classic&quot;}\">\n\t\t\t\t\t\t<div class=\"elementor-container elementor-column-gap-default\">\n\t\t\t\t\t<div class=\"elementor-column elementor-col-100 elementor-top-column elementor-element elementor-element-da61c28\" data-id=\"da61c28\" data-element_type=\"column\" data-e-type=\"column\">\n\t\t\t<div class=\"elementor-widget-wrap elementor-element-populated\">\n\t\t\t\t\t\t<div class=\"elementor-element elementor-element-ca8205a elementor-widget elementor-widget-image\" data-id=\"ca8205a\" data-element_type=\"widget\" data-e-type=\"widget\" data-widget_type=\"image.default\">\n\t\t\t\t<div class=\"elementor-widget-container\">\n\t\t\t\t\t\t\t\t\t\t\t\t\t\t\t<img fetchpriority=\"high\" decoding=\"async\" width=\"1705\" height=\"1768\" src=\"https:\/\/pehrbrahe.fi\/wp-content\/uploads\/2025\/05\/pehrbrahensaatio_tekstilla2-60x62.png\" class=\"attachment-full size-full wp-image-2489\" alt=\"\" srcset=\"https:\/\/pehrbrahe.fi\/wp-content\/uploads\/2025\/05\/pehrbrahensaatio_tekstilla2.png 1705w, https:\/\/pehrbrahe.fi\/wp-content\/uploads\/2025\/05\/pehrbrahensaatio_tekstilla2-289x300.png 289w, https:\/\/pehrbrahe.fi\/wp-content\/uploads\/2025\/05\/pehrbrahensaatio_tekstilla2-988x1024.png 988w, https:\/\/pehrbrahe.fi\/wp-content\/uploads\/2025\/05\/pehrbrahensaatio_tekstilla2-768x796.png 768w, https:\/\/pehrbrahe.fi\/wp-content\/uploads\/2025\/05\/pehrbrahensaatio_tekstilla2-1481x1536.png 1481w, https:\/\/pehrbrahe.fi\/wp-content\/uploads\/2025\/05\/pehrbrahensaatio_tekstilla2-12x12.png 12w, https:\/\/pehrbrahe.fi\/wp-content\/uploads\/2025\/05\/pehrbrahensaatio_tekstilla2-60x62.png 60w\" sizes=\"(max-width: 1705px) 100vw, 1705px\" \/>\t\t\t\t\t\t\t\t\t\t\t\t\t\t\t<\/div>\n\t\t\t\t<\/div>\n\t\t\t\t\t<\/div>\n\t\t<\/div>\n\t\t\t\t\t<\/div>\n\t\t<\/section>\n\t\t\t\t<\/div>","protected":false},"excerpt":{"rendered":"<p>Perustajaj\u00e4senet Oulun Ammattikorkeakoulu Oy \u00a0 Raahen kaupunki \u00a0 Raahen Porvari- ja Kauppakoulu \u00a0 Oy Nokia Ab \u00a0 Pohjanmaan Puhelinosuuskunta (Osuuskunta PPO)\u00a0 \u00a0 PKC Electronics Oy \u00a0 Raahen sairaala \u00a0 Raahen seudun kehitys \u00a0 RaaheTechOy\/Softpolis Oy (Raahepolis Oy)\u00a0 \u00a0 Raahen Seudun Osuuspankki\u00a0 \u00a0 Raahen Teknillinen Seura ry. \u00a0 Raahen Nuorkauppakamari ry. \u00a0 Raahen Seudun Yritt\u00e4j\u00e4t ry.\u00a0 \u00a0 Raahen Kauppakamariosasto<\/p>","protected":false},"author":1,"featured_media":0,"parent":0,"menu_order":0,"comment_status":"closed","ping_status":"closed","template":"","meta":{"site-sidebar-layout":"no-sidebar","site-content-layout":"page-builder","ast-site-content-layout":"default","site-content-style":"default","site-sidebar-style":"default","ast-global-header-display":"","ast-banner-title-visibility":"","ast-main-header-display":"","ast-hfb-above-header-display":"","ast-hfb-below-header-display":"","ast-hfb-mobile-header-display":"","site-post-title":"disabled","ast-breadcrumbs-content":"","ast-featured-img":"disabled","footer-sml-layout":"","ast-disable-related-posts":"","theme-transparent-header-meta":"","adv-header-id-meta":"","stick-header-meta":"","header-above-stick-meta":"","header-main-stick-meta":"","header-below-stick-meta":"","astra-migrate-meta-layouts":"default","ast-page-background-enabled":"default","ast-page-background-meta":{"desktop":{"background-color":"var(--ast-global-color-4)","background-image":"","background-repeat":"repeat","background-position":"center center","background-size":"auto","background-attachment":"scroll","background-type":"","background-media":"","overlay-type":"","overlay-color":"","overlay-opacity":"","overlay-gradient":""},"tablet":{"background-color":"","background-image":"","background-repeat":"repeat","background-position":"center center","background-size":"auto","background-attachment":"scroll","background-type":"","background-media":"","overlay-type":"","overlay-color":"","overlay-opacity":"","overlay-gradient":""},"mobile":{"background-color":"","background-image":"","background-repeat":"repeat","background-position":"center center","background-size":"auto","background-attachment":"scroll","background-type":"","background-media":"","overlay-type":"","overlay-color":"","overlay-opacity":"","overlay-gradient":""}},"ast-content-background-meta":{"desktop":{"background-color":"var(--ast-global-color-5)","background-image":"","background-repeat":"repeat","background-position":"center center","background-size":"auto","background-attachment":"scroll","background-type":"","background-media":"","overlay-type":"","overlay-color":"","overlay-opacity":"","overlay-gradient":""},"tablet":{"background-color":"var(--ast-global-color-5)","background-image":"","background-repeat":"repeat","background-position":"center center","background-size":"auto","background-attachment":"scroll","background-type":"","background-media":"","overlay-type":"","overlay-color":"","overlay-opacity":"","overlay-gradient":""},"mobile":{"background-color":"var(--ast-global-color-5)","background-image":"","background-repeat":"repeat","background-position":"center center","background-size":"auto","background-attachment":"scroll","background-type":"","background-media":"","overlay-type":"","overlay-color":"","overlay-opacity":"","overlay-gradient":""}},"footnotes":""},"class_list":["post-1448","page","type-page","status-publish","hentry"],"yoast_head":"<!-- This site is optimized with the Yoast SEO plugin v27.5 - https:\/\/yoast.com\/product\/yoast-seo-wordpress\/ -->\n<title>S\u00e4\u00e4ti\u00f6n perustajaj\u00e4senet - Pehr Brahen s\u00e4\u00e4ti\u00f6 sr<\/title>\n<meta name=\"robots\" content=\"index, follow, max-snippet:-1, max-image-preview:large, max-video-preview:-1\" \/>\n<link rel=\"canonical\" href=\"https:\/\/pehrbrahe.fi\/en\/saation-perustajajasenet\/\" \/>\n<meta property=\"og:locale\" content=\"en_US\" \/>\n<meta property=\"og:type\" content=\"article\" \/>\n<meta property=\"og:title\" content=\"S\u00e4\u00e4ti\u00f6n perustajaj\u00e4senet - Pehr Brahen s\u00e4\u00e4ti\u00f6 sr\" \/>\n<meta property=\"og:description\" content=\"Perustajaj\u00e4senet Oulun Ammattikorkeakoulu Oy \u00a0 Raahen kaupunki \u00a0 Raahen Porvari- ja Kauppakoulu \u00a0 Oy Nokia Ab \u00a0 Pohjanmaan Puhelinosuuskunta (Osuuskunta PPO)\u00a0 \u00a0 PKC Electronics Oy \u00a0 Raahen sairaala \u00a0 Raahen seudun kehitys \u00a0 RaaheTechOy\/Softpolis Oy (Raahepolis Oy)\u00a0 \u00a0 Raahen Seudun Osuuspankki\u00a0 \u00a0 Raahen Teknillinen Seura ry. \u00a0 Raahen Nuorkauppakamari ry. \u00a0 Raahen Seudun Yritt\u00e4j\u00e4t ry.\u00a0 \u00a0 Raahen Kauppakamariosasto\" \/>\n<meta property=\"og:url\" content=\"https:\/\/pehrbrahe.fi\/en\/saation-perustajajasenet\/\" \/>\n<meta property=\"og:site_name\" content=\"Pehr Brahen s\u00e4\u00e4ti\u00f6 sr\" \/>\n<meta property=\"article:modified_time\" content=\"2025-05-22T08:19:39+00:00\" \/>\n<meta property=\"og:image\" content=\"https:\/\/pehrbrahe.fi\/wp-content\/uploads\/2025\/05\/pehrbrahensaatio_tekstilla2-60x62.png\" \/>\n<meta name=\"twitter:card\" content=\"summary_large_image\" \/>\n<meta name=\"twitter:label1\" content=\"Est. reading time\" \/>\n\t<meta name=\"twitter:data1\" content=\"1 minute\" \/>\n<script type=\"application\/ld+json\" class=\"yoast-schema-graph\">{\"@context\":\"https:\\\/\\\/schema.org\",\"@graph\":[{\"@type\":\"WebPage\",\"@id\":\"https:\\\/\\\/pehrbrahe.fi\\\/saation-perustajajasenet\\\/\",\"url\":\"https:\\\/\\\/pehrbrahe.fi\\\/saation-perustajajasenet\\\/\",\"name\":\"S\u00e4\u00e4ti\u00f6n perustajaj\u00e4senet - Pehr Brahen s\u00e4\u00e4ti\u00f6 sr\",\"isPartOf\":{\"@id\":\"https:\\\/\\\/pehrbrahe.fi\\\/#website\"},\"primaryImageOfPage\":{\"@id\":\"https:\\\/\\\/pehrbrahe.fi\\\/saation-perustajajasenet\\\/#primaryimage\"},\"image\":{\"@id\":\"https:\\\/\\\/pehrbrahe.fi\\\/saation-perustajajasenet\\\/#primaryimage\"},\"thumbnailUrl\":\"https:\\\/\\\/pehrbrahe.fi\\\/wp-content\\\/uploads\\\/2025\\\/05\\\/pehrbrahensaatio_tekstilla2-60x62.png\",\"datePublished\":\"2022-02-24T13:47:06+00:00\",\"dateModified\":\"2025-05-22T08:19:39+00:00\",\"breadcrumb\":{\"@id\":\"https:\\\/\\\/pehrbrahe.fi\\\/saation-perustajajasenet\\\/#breadcrumb\"},\"inLanguage\":\"en-US\",\"potentialAction\":[{\"@type\":\"ReadAction\",\"target\":[\"https:\\\/\\\/pehrbrahe.fi\\\/saation-perustajajasenet\\\/\"]}]},{\"@type\":\"ImageObject\",\"inLanguage\":\"en-US\",\"@id\":\"https:\\\/\\\/pehrbrahe.fi\\\/saation-perustajajasenet\\\/#primaryimage\",\"url\":\"https:\\\/\\\/pehrbrahe.fi\\\/wp-content\\\/uploads\\\/2025\\\/05\\\/pehrbrahensaatio_tekstilla2-60x62.png\",\"contentUrl\":\"https:\\\/\\\/pehrbrahe.fi\\\/wp-content\\\/uploads\\\/2025\\\/05\\\/pehrbrahensaatio_tekstilla2-60x62.png\"},{\"@type\":\"BreadcrumbList\",\"@id\":\"https:\\\/\\\/pehrbrahe.fi\\\/saation-perustajajasenet\\\/#breadcrumb\",\"itemListElement\":[{\"@type\":\"ListItem\",\"position\":1,\"name\":\"Home\",\"item\":\"https:\\\/\\\/pehrbrahe.fi\\\/\"},{\"@type\":\"ListItem\",\"position\":2,\"name\":\"S\u00e4\u00e4ti\u00f6n perustajaj\u00e4senet\"}]},{\"@type\":\"WebSite\",\"@id\":\"https:\\\/\\\/pehrbrahe.fi\\\/#website\",\"url\":\"https:\\\/\\\/pehrbrahe.fi\\\/\",\"name\":\"Pehr Brahen s\u00e4\u00e4ti\u00f6 sr\",\"description\":\"\",\"publisher\":{\"@id\":\"https:\\\/\\\/pehrbrahe.fi\\\/#organization\"},\"potentialAction\":[{\"@type\":\"SearchAction\",\"target\":{\"@type\":\"EntryPoint\",\"urlTemplate\":\"https:\\\/\\\/pehrbrahe.fi\\\/?s={search_term_string}\"},\"query-input\":{\"@type\":\"PropertyValueSpecification\",\"valueRequired\":true,\"valueName\":\"search_term_string\"}}],\"inLanguage\":\"en-US\"},{\"@type\":\"Organization\",\"@id\":\"https:\\\/\\\/pehrbrahe.fi\\\/#organization\",\"name\":\"Pehr Brahen s\u00e4\u00e4ti\u00f6 sr\",\"url\":\"https:\\\/\\\/pehrbrahe.fi\\\/\",\"logo\":{\"@type\":\"ImageObject\",\"inLanguage\":\"en-US\",\"@id\":\"https:\\\/\\\/pehrbrahe.fi\\\/#\\\/schema\\\/logo\\\/image\\\/\",\"url\":\"https:\\\/\\\/pehrbrahe.fi\\\/wp-content\\\/uploads\\\/2025\\\/05\\\/pehrbrahensaatio_tekstilla2.png\",\"contentUrl\":\"https:\\\/\\\/pehrbrahe.fi\\\/wp-content\\\/uploads\\\/2025\\\/05\\\/pehrbrahensaatio_tekstilla2.png\",\"width\":1705,\"height\":1768,\"caption\":\"Pehr Brahen s\u00e4\u00e4ti\u00f6 sr\"},\"image\":{\"@id\":\"https:\\\/\\\/pehrbrahe.fi\\\/#\\\/schema\\\/logo\\\/image\\\/\"}}]}<\/script>\n<!-- \/ Yoast SEO plugin. -->","yoast_head_json":{"title":"S\u00e4\u00e4ti\u00f6n perustajaj\u00e4senet - Pehr Brahen s\u00e4\u00e4ti\u00f6 sr","robots":{"index":"index","follow":"follow","max-snippet":"max-snippet:-1","max-image-preview":"max-image-preview:large","max-video-preview":"max-video-preview:-1"},"canonical":"https:\/\/pehrbrahe.fi\/en\/saation-perustajajasenet\/","og_locale":"en_US","og_type":"article","og_title":"S\u00e4\u00e4ti\u00f6n perustajaj\u00e4senet - Pehr Brahen s\u00e4\u00e4ti\u00f6 sr","og_description":"Perustajaj\u00e4senet Oulun Ammattikorkeakoulu Oy \u00a0 Raahen kaupunki \u00a0 Raahen Porvari- ja Kauppakoulu \u00a0 Oy Nokia Ab \u00a0 Pohjanmaan Puhelinosuuskunta (Osuuskunta PPO)\u00a0 \u00a0 PKC Electronics Oy \u00a0 Raahen sairaala \u00a0 Raahen seudun kehitys \u00a0 RaaheTechOy\/Softpolis Oy (Raahepolis Oy)\u00a0 \u00a0 Raahen Seudun Osuuspankki\u00a0 \u00a0 Raahen Teknillinen Seura ry. \u00a0 Raahen Nuorkauppakamari ry. \u00a0 Raahen Seudun Yritt\u00e4j\u00e4t ry.\u00a0 \u00a0 Raahen Kauppakamariosasto","og_url":"https:\/\/pehrbrahe.fi\/en\/saation-perustajajasenet\/","og_site_name":"Pehr Brahen s\u00e4\u00e4ti\u00f6 sr","article_modified_time":"2025-05-22T08:19:39+00:00","og_image":[{"url":"https:\/\/pehrbrahe.fi\/wp-content\/uploads\/2025\/05\/pehrbrahensaatio_tekstilla2-60x62.png","type":"","width":"","height":""}],"twitter_card":"summary_large_image","twitter_misc":{"Est. reading time":"1 minute"},"schema":{"@context":"https:\/\/schema.org","@graph":[{"@type":"WebPage","@id":"https:\/\/pehrbrahe.fi\/saation-perustajajasenet\/","url":"https:\/\/pehrbrahe.fi\/saation-perustajajasenet\/","name":"S\u00e4\u00e4ti\u00f6n perustajaj\u00e4senet - Pehr Brahen s\u00e4\u00e4ti\u00f6 sr","isPartOf":{"@id":"https:\/\/pehrbrahe.fi\/#website"},"primaryImageOfPage":{"@id":"https:\/\/pehrbrahe.fi\/saation-perustajajasenet\/#primaryimage"},"image":{"@id":"https:\/\/pehrbrahe.fi\/saation-perustajajasenet\/#primaryimage"},"thumbnailUrl":"https:\/\/pehrbrahe.fi\/wp-content\/uploads\/2025\/05\/pehrbrahensaatio_tekstilla2-60x62.png","datePublished":"2022-02-24T13:47:06+00:00","dateModified":"2025-05-22T08:19:39+00:00","breadcrumb":{"@id":"https:\/\/pehrbrahe.fi\/saation-perustajajasenet\/#breadcrumb"},"inLanguage":"en-US","potentialAction":[{"@type":"ReadAction","target":["https:\/\/pehrbrahe.fi\/saation-perustajajasenet\/"]}]},{"@type":"ImageObject","inLanguage":"en-US","@id":"https:\/\/pehrbrahe.fi\/saation-perustajajasenet\/#primaryimage","url":"https:\/\/pehrbrahe.fi\/wp-content\/uploads\/2025\/05\/pehrbrahensaatio_tekstilla2-60x62.png","contentUrl":"https:\/\/pehrbrahe.fi\/wp-content\/uploads\/2025\/05\/pehrbrahensaatio_tekstilla2-60x62.png"},{"@type":"BreadcrumbList","@id":"https:\/\/pehrbrahe.fi\/saation-perustajajasenet\/#breadcrumb","itemListElement":[{"@type":"ListItem","position":1,"name":"Home","item":"https:\/\/pehrbrahe.fi\/"},{"@type":"ListItem","position":2,"name":"S\u00e4\u00e4ti\u00f6n perustajaj\u00e4senet"}]},{"@type":"WebSite","@id":"https:\/\/pehrbrahe.fi\/#website","url":"https:\/\/pehrbrahe.fi\/","name":"Pehr Brahen s\u00e4\u00e4ti\u00f6 sr","description":"","publisher":{"@id":"https:\/\/pehrbrahe.fi\/#organization"},"potentialAction":[{"@type":"SearchAction","target":{"@type":"EntryPoint","urlTemplate":"https:\/\/pehrbrahe.fi\/?s={search_term_string}"},"query-input":{"@type":"PropertyValueSpecification","valueRequired":true,"valueName":"search_term_string"}}],"inLanguage":"en-US"},{"@type":"Organization","@id":"https:\/\/pehrbrahe.fi\/#organization","name":"Pehr Brahen s\u00e4\u00e4ti\u00f6 sr","url":"https:\/\/pehrbrahe.fi\/","logo":{"@type":"ImageObject","inLanguage":"en-US","@id":"https:\/\/pehrbrahe.fi\/#\/schema\/logo\/image\/","url":"https:\/\/pehrbrahe.fi\/wp-content\/uploads\/2025\/05\/pehrbrahensaatio_tekstilla2.png","contentUrl":"https:\/\/pehrbrahe.fi\/wp-content\/uploads\/2025\/05\/pehrbrahensaatio_tekstilla2.png","width":1705,"height":1768,"caption":"Pehr Brahen s\u00e4\u00e4ti\u00f6 sr"},"image":{"@id":"https:\/\/pehrbrahe.fi\/#\/schema\/logo\/image\/"}}]}},"_links":{"self":[{"href":"https:\/\/pehrbrahe.fi\/en\/wp-json\/wp\/v2\/pages\/1448","targetHints":{"allow":["GET"]}}],"collection":[{"href":"https:\/\/pehrbrahe.fi\/en\/wp-json\/wp\/v2\/pages"}],"about":[{"href":"https:\/\/pehrbrahe.fi\/en\/wp-json\/wp\/v2\/types\/page"}],"author":[{"embeddable":true,"href":"https:\/\/pehrbrahe.fi\/en\/wp-json\/wp\/v2\/users\/1"}],"replies":[{"embeddable":true,"href":"https:\/\/pehrbrahe.fi\/en\/wp-json\/wp\/v2\/comments?post=1448"}],"version-history":[{"count":70,"href":"https:\/\/pehrbrahe.fi\/en\/wp-json\/wp\/v2\/pages\/1448\/revisions"}],"predecessor-version":[{"id":2766,"href":"https:\/\/pehrbrahe.fi\/en\/wp-json\/wp\/v2\/pages\/1448\/revisions\/2766"}],"wp:attachment":[{"href":"https:\/\/pehrbrahe.fi\/en\/wp-json\/wp\/v2\/media?parent=1448"}],"curies":[{"name":"wp","href":"https:\/\/api.w.org\/{rel}","templated":true}]}}